{"id":2282,"date":"2024-08-05T09:58:42","date_gmt":"2024-08-05T09:58:42","guid":{"rendered":"https:\/\/www.rime.com.tr\/ana-sayfa\/"},"modified":"2024-08-26T19:39:06","modified_gmt":"2024-08-26T19:39:06","slug":"ana-sayfa","status":"publish","type":"page","link":"https:\/\/www.inextract.com\/tr\/","title":{"rendered":"Ana Sayfa"},"content":{"rendered":"\t\t<div data-elementor-type=\"wp-page\" data-elementor-id=\"2282\" class=\"elementor elementor-2282 elementor-40\" data-elementor-post-type=\"page\">\n\t\t\t\t<div class=\"elementor-element elementor-element-8275799 e-flex e-con-boxed e-con e-parent\" data-id=\"8275799\" data-element_type=\"container\" data-e-type=\"container\">\n\t\t\t\t\t<div class=\"e-con-inner\">\n\t\t<div class=\"elementor-element elementor-element-a831cf7 e-con-full e-flex e-con e-child\" data-id=\"a831cf7\" data-element_type=\"container\" data-e-type=\"container\">\n\t\t\t\t<\/div>\n\t\t\t\t\t<\/div>\n\t\t\t\t<\/div>\n\t\t<div class=\"elementor-element elementor-element-bd3df90 e-flex e-con-boxed e-con e-parent\" data-id=\"bd3df90\" data-element_type=\"container\" data-e-type=\"container\" data-settings=\"{&quot;background_background&quot;:&quot;classic&quot;}\">\n\t\t\t\t\t<div class=\"e-con-inner\">\n\t\t<div class=\"elementor-element elementor-element-992f3a1 e-con-full e-flex e-con e-child\" data-id=\"992f3a1\" data-element_type=\"container\" data-e-type=\"container\">\n\t\t\t\t<div class=\"elementor-element elementor-element-3d26d98 elementor-widget elementor-widget-heading\" data-id=\"3d26d98\" data-element_type=\"widget\" data-e-type=\"widget\" data-widget_type=\"heading.default\">\n\t\t\t\t<div class=\"elementor-widget-container\">\n\t\t\t\t\t<h2 class=\"elementor-heading-title elementor-size-default\">B\u0130Z K\u0130M\u0130Z<\/h2>\t\t\t\t<\/div>\n\t\t\t\t<\/div>\n\t\t\t\t<div class=\"elementor-element elementor-element-5e5d007 elementor-widget elementor-widget-text-editor\" data-id=\"5e5d007\" data-element_type=\"widget\" data-e-type=\"widget\" data-widget_type=\"text-editor.default\">\n\t\t\t\t<div class=\"elementor-widget-container\">\n\t\t\t\t\t\t\t\t\t<p>INEXTRACT, ortak bir hedefi olan \u00fc\u00e7 vizyon sahibi giri\u015fimci taraf\u0131ndan kuruldu: T\u00fcrkiye&#8217;yi biyoteknolojide lider yapmak. S\u0131n\u0131rl\u0131 kaynaklara ve b\u00fcy\u00fck rekabete ra\u011fmen s\u00fcrd\u00fcr\u00fclebilir ve yenilik\u00e7i \u00e7\u00f6z\u00fcmler geli\u015ftirdiler. Bug\u00fcn INEXTRACT, s\u00fcrd\u00fcr\u00fclebilirli\u011fe ve etkili \u00fcr\u00fcnlere olan ba\u011fl\u0131l\u0131\u011f\u0131yla bilinen sayg\u0131n bir biyoteknoloji \u015firketidir.<\/p>\n\t\t\t\t\t\t\t\t<\/div>\n\t\t\t\t<\/div>\n\t\t\t\t<div class=\"elementor-element elementor-element-469a206 elementor-align-left elementor-widget elementor-widget-button\" data-id=\"469a206\" data-element_type=\"widget\" data-e-type=\"widget\" data-widget_type=\"button.default\">\n\t\t\t\t<div class=\"elementor-widget-container\">\n\t\t\t\t\t\t\t\t\t<div class=\"elementor-button-wrapper\">\n\t\t\t\t\t<a class=\"elementor-button elementor-button-link elementor-size-sm\" href=\"https:\/\/www.inextract.com\/tr\/hakkimizda\/\">\n\t\t\t\t\t\t<span class=\"elementor-button-content-wrapper\">\n\t\t\t\t\t\t<span class=\"elementor-button-icon\">\n\t\t\t\t<i aria-hidden=\"true\" class=\"feather feather-arrow-right\"><\/i>\t\t\t<\/span>\n\t\t\t\t\t\t\t\t\t<span class=\"elementor-button-text\">Inextract Hakk\u0131nda<\/span>\n\t\t\t\t\t<\/span>\n\t\t\t\t\t<\/a>\n\t\t\t\t<\/div>\n\t\t\t\t\t\t\t\t<\/div>\n\t\t\t\t<\/div>\n\t\t\t\t<\/div>\n\t\t<div class=\"elementor-element elementor-element-c8506fd e-con-full e-flex e-con e-child\" data-id=\"c8506fd\" data-element_type=\"container\" data-e-type=\"container\" data-settings=\"{&quot;background_background&quot;:&quot;classic&quot;}\">\n\t\t\t\t<\/div>\n\t\t\t\t\t<\/div>\n\t\t\t\t<\/div>\n\t\t<div class=\"elementor-element elementor-element-04c5be0 e-flex e-con-boxed e-con e-parent\" data-id=\"04c5be0\" data-element_type=\"container\" data-e-type=\"container\">\n\t\t\t\t\t<div class=\"e-con-inner\">\n\t\t\t\t<div class=\"elementor-element elementor-element-a86127c elementor-widget elementor-widget-spacer\" data-id=\"a86127c\" data-element_type=\"widget\" data-e-type=\"widget\" data-widget_type=\"spacer.default\">\n\t\t\t\t<div class=\"elementor-widget-container\">\n\t\t\t\t\t\t\t<div class=\"elementor-spacer\">\n\t\t\t<div class=\"elementor-spacer-inner\"><\/div>\n\t\t<\/div>\n\t\t\t\t\t\t<\/div>\n\t\t\t\t<\/div>\n\t\t<div class=\"elementor-element elementor-element-a24434a e-con-full e-flex e-con e-child\" data-id=\"a24434a\" data-element_type=\"container\" data-e-type=\"container\">\n\t\t<div class=\"elementor-element elementor-element-54abdd1 e-con-full e-flex e-con e-child\" data-id=\"54abdd1\" data-element_type=\"container\" data-e-type=\"container\">\n\t\t\t\t<div class=\"elementor-element elementor-element-3dbd83a elementor-widget elementor-widget-image\" data-id=\"3dbd83a\" data-element_type=\"widget\" data-e-type=\"widget\" data-widget_type=\"image.default\">\n\t\t\t\t<div class=\"elementor-widget-container\">\n\t\t\t\t\t\t\t\t\t\t\t\t\t\t\t<img fetchpriority=\"high\" decoding=\"async\" width=\"800\" height=\"528\" src=\"https:\/\/www.inextract.com\/wp-content\/uploads\/2024\/08\/homepage-grid-1-1024x676.webp\" class=\"attachment-large size-large wp-image-2157\" alt=\"\" srcset=\"https:\/\/www.inextract.com\/wp-content\/uploads\/2024\/08\/homepage-grid-1-1024x676.webp 1024w, https:\/\/www.inextract.com\/wp-content\/uploads\/2024\/08\/homepage-grid-1-300x198.webp 300w, https:\/\/www.inextract.com\/wp-content\/uploads\/2024\/08\/homepage-grid-1-768x507.webp 768w, https:\/\/www.inextract.com\/wp-content\/uploads\/2024\/08\/homepage-grid-1.webp 1288w\" sizes=\"(max-width: 800px) 100vw, 800px\" \/>\t\t\t\t\t\t\t\t\t\t\t\t\t\t\t<\/div>\n\t\t\t\t<\/div>\n\t\t\t\t<\/div>\n\t\t<div class=\"elementor-element elementor-element-f4d1769 e-con-full e-flex e-con e-child\" data-id=\"f4d1769\" data-element_type=\"container\" data-e-type=\"container\">\n\t\t\t\t<div class=\"elementor-element elementor-element-e6f8c94 elementor-widget elementor-widget-heading\" data-id=\"e6f8c94\" data-element_type=\"widget\" data-e-type=\"widget\" data-widget_type=\"heading.default\">\n\t\t\t\t<div class=\"elementor-widget-container\">\n\t\t\t\t\t<h3 class=\"elementor-heading-title elementor-size-default\">Bilim<\/h3>\t\t\t\t<\/div>\n\t\t\t\t<\/div>\n\t\t\t\t<div class=\"elementor-element elementor-element-eef65c2 elementor-widget elementor-widget-text-editor\" data-id=\"eef65c2\" data-element_type=\"widget\" data-e-type=\"widget\" data-widget_type=\"text-editor.default\">\n\t\t\t\t<div class=\"elementor-widget-container\">\n\t\t\t\t\t\t\t\t\tSa\u011fl\u0131\u011f\u0131 ve beslenmeyi iyile\u015ftirmek i\u00e7in inovasyonu y\u00f6nlendiriyoruz. Ekibimiz, daha sa\u011fl\u0131kl\u0131 bir gelecek i\u00e7in vizyon sahibi fikirleri ger\u00e7e\u011fe d\u00f6n\u00fc\u015ft\u00fcr\u00fcyor.\t\t\t\t\t\t\t\t<\/div>\n\t\t\t\t<\/div>\n\t\t\t\t<div class=\"elementor-element elementor-element-3df42be elementor-widget elementor-widget-button\" data-id=\"3df42be\" data-element_type=\"widget\" data-e-type=\"widget\" data-widget_type=\"button.default\">\n\t\t\t\t<div class=\"elementor-widget-container\">\n\t\t\t\t\t\t\t\t\t<div class=\"elementor-button-wrapper\">\n\t\t\t\t\t<a class=\"elementor-button elementor-button-link elementor-size-sm\" href=\"https:\/\/www.inextract.com\/tr\/bilim\/\">\n\t\t\t\t\t\t<span class=\"elementor-button-content-wrapper\">\n\t\t\t\t\t\t<span class=\"elementor-button-icon\">\n\t\t\t\t<i aria-hidden=\"true\" class=\"feather feather-arrow-up-right\"><\/i>\t\t\t<\/span>\n\t\t\t\t\t\t\t\t\t<span class=\"elementor-button-text\">Bilimimiz Hakk\u0131nda Daha Fazla Bilgi Edinin<\/span>\n\t\t\t\t\t<\/span>\n\t\t\t\t\t<\/a>\n\t\t\t\t<\/div>\n\t\t\t\t\t\t\t\t<\/div>\n\t\t\t\t<\/div>\n\t\t\t\t<\/div>\n\t\t\t\t<\/div>\n\t\t\t\t<div class=\"elementor-element elementor-element-66f9b75 elementor-widget elementor-widget-spacer\" data-id=\"66f9b75\" data-element_type=\"widget\" data-e-type=\"widget\" data-widget_type=\"spacer.default\">\n\t\t\t\t<div class=\"elementor-widget-container\">\n\t\t\t\t\t\t\t<div class=\"elementor-spacer\">\n\t\t\t<div class=\"elementor-spacer-inner\"><\/div>\n\t\t<\/div>\n\t\t\t\t\t\t<\/div>\n\t\t\t\t<\/div>\n\t\t\t\t\t<\/div>\n\t\t\t\t<\/div>\n\t\t<div class=\"elementor-element elementor-element-80a290d e-flex e-con-boxed e-con e-parent\" data-id=\"80a290d\" data-element_type=\"container\" data-e-type=\"container\">\n\t\t\t\t\t<div class=\"e-con-inner\">\n\t\t\t\t<div class=\"elementor-element elementor-element-1d14683 elementor-widget elementor-widget-spacer\" data-id=\"1d14683\" data-element_type=\"widget\" data-e-type=\"widget\" data-widget_type=\"spacer.default\">\n\t\t\t\t<div class=\"elementor-widget-container\">\n\t\t\t\t\t\t\t<div class=\"elementor-spacer\">\n\t\t\t<div class=\"elementor-spacer-inner\"><\/div>\n\t\t<\/div>\n\t\t\t\t\t\t<\/div>\n\t\t\t\t<\/div>\n\t\t<div class=\"elementor-element elementor-element-7b7127c e-con-full e-flex e-con e-child\" data-id=\"7b7127c\" data-element_type=\"container\" data-e-type=\"container\">\n\t\t<div class=\"elementor-element elementor-element-a39cfd2 e-con-full e-flex e-con e-child\" data-id=\"a39cfd2\" data-element_type=\"container\" data-e-type=\"container\">\n\t\t\t\t<div class=\"elementor-element elementor-element-1eade05 elementor-widget elementor-widget-heading\" data-id=\"1eade05\" data-element_type=\"widget\" data-e-type=\"widget\" data-widget_type=\"heading.default\">\n\t\t\t\t<div class=\"elementor-widget-container\">\n\t\t\t\t\t<h3 class=\"elementor-heading-title elementor-size-default\">Sustainability<\/h3>\t\t\t\t<\/div>\n\t\t\t\t<\/div>\n\t\t\t\t<div class=\"elementor-element elementor-element-0ae7e16 elementor-widget elementor-widget-text-editor\" data-id=\"0ae7e16\" data-element_type=\"widget\" data-e-type=\"widget\" data-widget_type=\"text-editor.default\">\n\t\t\t\t<div class=\"elementor-widget-container\">\n\t\t\t\t\t\t\t\t\tKarbon ayak izimizi ve at\u0131klar\u0131m\u0131z\u0131 en aza indirmek i\u00e7in \u00e7evre dostu y\u00f6ntemler ve yenilenebilir enerji kullanarak do\u011fayla birlikte yenilik yap\u0131yoruz. S\u00fcrd\u00fcr\u00fclebilir bir gelecek in\u015fa etmek i\u00e7in bize kat\u0131l\u0131n.\t\t\t\t\t\t\t\t<\/div>\n\t\t\t\t<\/div>\n\t\t\t\t<div class=\"elementor-element elementor-element-2b1d04c elementor-widget elementor-widget-button\" data-id=\"2b1d04c\" data-element_type=\"widget\" data-e-type=\"widget\" data-widget_type=\"button.default\">\n\t\t\t\t<div class=\"elementor-widget-container\">\n\t\t\t\t\t\t\t\t\t<div class=\"elementor-button-wrapper\">\n\t\t\t\t\t<a class=\"elementor-button elementor-button-link elementor-size-sm\" href=\"https:\/\/www.inextract.com\/tr\/surdurulebilirlik\/\">\n\t\t\t\t\t\t<span class=\"elementor-button-content-wrapper\">\n\t\t\t\t\t\t<span class=\"elementor-button-icon\">\n\t\t\t\t<i aria-hidden=\"true\" class=\"feather feather-arrow-up-right\"><\/i>\t\t\t<\/span>\n\t\t\t\t\t\t\t\t\t<span class=\"elementor-button-text\">S\u00fcrd\u00fcr\u00fclebilirli\u011fimizi Ke\u015ffedin<\/span>\n\t\t\t\t\t<\/span>\n\t\t\t\t\t<\/a>\n\t\t\t\t<\/div>\n\t\t\t\t\t\t\t\t<\/div>\n\t\t\t\t<\/div>\n\t\t\t\t<div class=\"elementor-element elementor-element-0c94105 elementor-widget elementor-widget-spacer\" data-id=\"0c94105\" data-element_type=\"widget\" data-e-type=\"widget\" data-widget_type=\"spacer.default\">\n\t\t\t\t<div class=\"elementor-widget-container\">\n\t\t\t\t\t\t\t<div class=\"elementor-spacer\">\n\t\t\t<div class=\"elementor-spacer-inner\"><\/div>\n\t\t<\/div>\n\t\t\t\t\t\t<\/div>\n\t\t\t\t<\/div>\n\t\t\t\t<\/div>\n\t\t<div class=\"elementor-element elementor-element-a6f8078 e-con-full e-flex e-con e-child\" data-id=\"a6f8078\" data-element_type=\"container\" data-e-type=\"container\">\n\t\t\t\t<div class=\"elementor-element elementor-element-93694c9 elementor-widget elementor-widget-image\" data-id=\"93694c9\" data-element_type=\"widget\" data-e-type=\"widget\" data-widget_type=\"image.default\">\n\t\t\t\t<div class=\"elementor-widget-container\">\n\t\t\t\t\t\t\t\t\t\t\t\t\t\t\t<img decoding=\"async\" width=\"800\" height=\"528\" src=\"https:\/\/www.inextract.com\/wp-content\/uploads\/2024\/08\/homepage-grid-2-1024x676.webp\" class=\"attachment-large size-large wp-image-2158\" alt=\"\" srcset=\"https:\/\/www.inextract.com\/wp-content\/uploads\/2024\/08\/homepage-grid-2-1024x676.webp 1024w, https:\/\/www.inextract.com\/wp-content\/uploads\/2024\/08\/homepage-grid-2-300x198.webp 300w, https:\/\/www.inextract.com\/wp-content\/uploads\/2024\/08\/homepage-grid-2-768x507.webp 768w, https:\/\/www.inextract.com\/wp-content\/uploads\/2024\/08\/homepage-grid-2.webp 1288w\" sizes=\"(max-width: 800px) 100vw, 800px\" \/>\t\t\t\t\t\t\t\t\t\t\t\t\t\t\t<\/div>\n\t\t\t\t<\/div>\n\t\t\t\t<\/div>\n\t\t\t\t<\/div>\n\t\t\t\t<div class=\"elementor-element elementor-element-a06d345 elementor-widget elementor-widget-spacer\" data-id=\"a06d345\" data-element_type=\"widget\" data-e-type=\"widget\" data-widget_type=\"spacer.default\">\n\t\t\t\t<div class=\"elementor-widget-container\">\n\t\t\t\t\t\t\t<div class=\"elementor-spacer\">\n\t\t\t<div class=\"elementor-spacer-inner\"><\/div>\n\t\t<\/div>\n\t\t\t\t\t\t<\/div>\n\t\t\t\t<\/div>\n\t\t\t\t\t<\/div>\n\t\t\t\t<\/div>\n\t\t<div class=\"elementor-element elementor-element-d2ba003 e-flex e-con-boxed e-con e-parent\" data-id=\"d2ba003\" data-element_type=\"container\" data-e-type=\"container\">\n\t\t\t\t\t<div class=\"e-con-inner\">\n\t\t\t\t<div class=\"elementor-element elementor-element-1444ae8 elementor-widget elementor-widget-spacer\" data-id=\"1444ae8\" data-element_type=\"widget\" data-e-type=\"widget\" data-widget_type=\"spacer.default\">\n\t\t\t\t<div class=\"elementor-widget-container\">\n\t\t\t\t\t\t\t<div class=\"elementor-spacer\">\n\t\t\t<div class=\"elementor-spacer-inner\"><\/div>\n\t\t<\/div>\n\t\t\t\t\t\t<\/div>\n\t\t\t\t<\/div>\n\t\t<div class=\"elementor-element elementor-element-0a7f119 e-con-full e-flex e-con e-child\" data-id=\"0a7f119\" data-element_type=\"container\" data-e-type=\"container\">\n\t\t<div class=\"elementor-element elementor-element-05e3183 e-con-full e-flex e-con e-child\" data-id=\"05e3183\" data-element_type=\"container\" data-e-type=\"container\">\n\t\t\t\t<div class=\"elementor-element elementor-element-b3dd417 elementor-widget elementor-widget-image\" data-id=\"b3dd417\" data-element_type=\"widget\" data-e-type=\"widget\" data-widget_type=\"image.default\">\n\t\t\t\t<div class=\"elementor-widget-container\">\n\t\t\t\t\t\t\t\t\t\t\t\t\t\t\t<img decoding=\"async\" width=\"800\" height=\"528\" src=\"https:\/\/www.inextract.com\/wp-content\/uploads\/2024\/08\/homepage-grid-3-1024x676.webp\" class=\"attachment-large size-large wp-image-2159\" alt=\"\" srcset=\"https:\/\/www.inextract.com\/wp-content\/uploads\/2024\/08\/homepage-grid-3-1024x676.webp 1024w, https:\/\/www.inextract.com\/wp-content\/uploads\/2024\/08\/homepage-grid-3-300x198.webp 300w, https:\/\/www.inextract.com\/wp-content\/uploads\/2024\/08\/homepage-grid-3-768x507.webp 768w, https:\/\/www.inextract.com\/wp-content\/uploads\/2024\/08\/homepage-grid-3.webp 1288w\" sizes=\"(max-width: 800px) 100vw, 800px\" \/>\t\t\t\t\t\t\t\t\t\t\t\t\t\t\t<\/div>\n\t\t\t\t<\/div>\n\t\t\t\t<\/div>\n\t\t<div class=\"elementor-element elementor-element-900c124 e-con-full e-flex e-con e-child\" data-id=\"900c124\" data-element_type=\"container\" data-e-type=\"container\">\n\t\t\t\t<div class=\"elementor-element elementor-element-e75aa18 elementor-widget elementor-widget-heading\" data-id=\"e75aa18\" data-element_type=\"widget\" data-e-type=\"widget\" data-widget_type=\"heading.default\">\n\t\t\t\t<div class=\"elementor-widget-container\">\n\t\t\t\t\t<h3 class=\"elementor-heading-title elementor-size-default\">\u00c7\u00f6z\u00fcmlerimiz<\/h3>\t\t\t\t<\/div>\n\t\t\t\t<\/div>\n\t\t\t\t<div class=\"elementor-element elementor-element-18e2bad elementor-widget elementor-widget-text-editor\" data-id=\"18e2bad\" data-element_type=\"widget\" data-e-type=\"widget\" data-widget_type=\"text-editor.default\">\n\t\t\t\t<div class=\"elementor-widget-container\">\n\t\t\t\t\t\t\t\t\tYenilik\u00e7i, s\u00fcrd\u00fcr\u00fclebilir ve m\u00fckemmellik odakl\u0131 \u00e7\u00f6z\u00fcmler sunuyoruz. Biyoteknoloji, g\u0131da bilimi, kimya, beslenme ve tar\u0131m alan\u0131ndaki uzmanl\u0131\u011f\u0131m\u0131zla, do\u011fan\u0131n potansiyelini en \u00fcst d\u00fczeye \u00e7\u0131karan \u00fcr\u00fcnler ve hizmetler geli\u015ftiriyoruz.\t\t\t\t\t\t\t\t<\/div>\n\t\t\t\t<\/div>\n\t\t\t\t<div class=\"elementor-element elementor-element-0e533e8 elementor-widget elementor-widget-button\" data-id=\"0e533e8\" data-element_type=\"widget\" data-e-type=\"widget\" data-widget_type=\"button.default\">\n\t\t\t\t<div class=\"elementor-widget-container\">\n\t\t\t\t\t\t\t\t\t<div class=\"elementor-button-wrapper\">\n\t\t\t\t\t<a class=\"elementor-button elementor-button-link elementor-size-sm\" href=\"https:\/\/www.inextract.com\/tr\/cozumlerimiz\/\">\n\t\t\t\t\t\t<span class=\"elementor-button-content-wrapper\">\n\t\t\t\t\t\t<span class=\"elementor-button-icon\">\n\t\t\t\t<i aria-hidden=\"true\" class=\"feather feather-arrow-up-right\"><\/i>\t\t\t<\/span>\n\t\t\t\t\t\t\t\t\t<span class=\"elementor-button-text\">\u00c7\u00f6z\u00fcmlerimizi Ke\u015ffedin<\/span>\n\t\t\t\t\t<\/span>\n\t\t\t\t\t<\/a>\n\t\t\t\t<\/div>\n\t\t\t\t\t\t\t\t<\/div>\n\t\t\t\t<\/div>\n\t\t\t\t<\/div>\n\t\t\t\t<\/div>\n\t\t\t\t<div class=\"elementor-element elementor-element-0821208 elementor-widget elementor-widget-spacer\" data-id=\"0821208\" data-element_type=\"widget\" data-e-type=\"widget\" data-widget_type=\"spacer.default\">\n\t\t\t\t<div class=\"elementor-widget-container\">\n\t\t\t\t\t\t\t<div class=\"elementor-spacer\">\n\t\t\t<div class=\"elementor-spacer-inner\"><\/div>\n\t\t<\/div>\n\t\t\t\t\t\t<\/div>\n\t\t\t\t<\/div>\n\t\t\t\t\t<\/div>\n\t\t\t\t<\/div>\n\t\t<div class=\"elementor-element elementor-element-d16fcea e-flex e-con-boxed e-con e-parent\" data-id=\"d16fcea\" data-element_type=\"container\" data-e-type=\"container\">\n\t\t\t\t\t<div class=\"e-con-inner\">\n\t\t\t\t<div class=\"elementor-element elementor-element-7f2df35 elementor-widget elementor-widget-spacer\" data-id=\"7f2df35\" data-element_type=\"widget\" data-e-type=\"widget\" data-widget_type=\"spacer.default\">\n\t\t\t\t<div class=\"elementor-widget-container\">\n\t\t\t\t\t\t\t<div class=\"elementor-spacer\">\n\t\t\t<div class=\"elementor-spacer-inner\"><\/div>\n\t\t<\/div>\n\t\t\t\t\t\t<\/div>\n\t\t\t\t<\/div>\n\t\t<div class=\"elementor-element elementor-element-a96b9a0 e-con-full e-flex e-con e-child\" data-id=\"a96b9a0\" data-element_type=\"container\" data-e-type=\"container\" data-settings=\"{&quot;background_background&quot;:&quot;classic&quot;}\">\n\t\t<div class=\"elementor-element elementor-element-7d2d9c9 e-con-full e-flex e-con e-child\" data-id=\"7d2d9c9\" data-element_type=\"container\" data-e-type=\"container\">\n\t\t\t\t<div class=\"elementor-element elementor-element-e096eb8 elementor-widget elementor-widget-heading\" data-id=\"e096eb8\" data-element_type=\"widget\" data-e-type=\"widget\" data-widget_type=\"heading.default\">\n\t\t\t\t<div class=\"elementor-widget-container\">\n\t\t\t\t\t<h3 class=\"elementor-heading-title elementor-size-default\">Kariyer<\/h3>\t\t\t\t<\/div>\n\t\t\t\t<\/div>\n\t\t\t\t<div class=\"elementor-element elementor-element-8c5b4ab elementor-widget elementor-widget-text-editor\" data-id=\"8c5b4ab\" data-element_type=\"widget\" data-e-type=\"widget\" data-widget_type=\"text-editor.default\">\n\t\t\t\t<div class=\"elementor-widget-container\">\n\t\t\t\t\t\t\t\t\tS\u00fcrekli \u00f6\u011frenme ve profesyonel geli\u015fimden faydalan\u0131n. Diyet takviyelerinden bitki bazl\u0131 proteinlere kadar \u00e7e\u015fitli projeleri ke\u015ffedin.\t\t\t\t\t\t\t\t<\/div>\n\t\t\t\t<\/div>\n\t\t\t\t<div class=\"elementor-element elementor-element-d436497 elementor-align-left elementor-widget elementor-widget-button\" data-id=\"d436497\" data-element_type=\"widget\" data-e-type=\"widget\" data-widget_type=\"button.default\">\n\t\t\t\t<div class=\"elementor-widget-container\">\n\t\t\t\t\t\t\t\t\t<div class=\"elementor-button-wrapper\">\n\t\t\t\t\t<a class=\"elementor-button elementor-button-link elementor-size-sm\" href=\"https:\/\/www.inextract.com\/tr\/kariyer\/\">\n\t\t\t\t\t\t<span class=\"elementor-button-content-wrapper\">\n\t\t\t\t\t\t<span class=\"elementor-button-icon\">\n\t\t\t\t<i aria-hidden=\"true\" class=\"feather feather-arrow-right\"><\/i>\t\t\t<\/span>\n\t\t\t\t\t\t\t\t\t<span class=\"elementor-button-text\">Ekibimize Kat\u0131l\u0131n<\/span>\n\t\t\t\t\t<\/span>\n\t\t\t\t\t<\/a>\n\t\t\t\t<\/div>\n\t\t\t\t\t\t\t\t<\/div>\n\t\t\t\t<\/div>\n\t\t\t\t<\/div>\n\t\t<div class=\"elementor-element elementor-element-612e75e e-con-full e-flex e-con e-child\" data-id=\"612e75e\" data-element_type=\"container\" data-e-type=\"container\">\n\t\t\t\t<div class=\"elementor-element elementor-element-972e10e elementor-widget elementor-widget-image\" data-id=\"972e10e\" data-element_type=\"widget\" data-e-type=\"widget\" data-widget_type=\"image.default\">\n\t\t\t\t<div class=\"elementor-widget-container\">\n\t\t\t\t\t\t\t\t\t\t\t\t\t\t\t<img loading=\"lazy\" decoding=\"async\" width=\"800\" height=\"685\" src=\"https:\/\/www.inextract.com\/wp-content\/uploads\/2024\/08\/Frame-75-1024x877.webp\" class=\"attachment-large size-large wp-image-2195\" alt=\"\" srcset=\"https:\/\/www.inextract.com\/wp-content\/uploads\/2024\/08\/Frame-75-1024x877.webp 1024w, https:\/\/www.inextract.com\/wp-content\/uploads\/2024\/08\/Frame-75-300x257.webp 300w, https:\/\/www.inextract.com\/wp-content\/uploads\/2024\/08\/Frame-75-768x658.webp 768w, https:\/\/www.inextract.com\/wp-content\/uploads\/2024\/08\/Frame-75.webp 1224w\" sizes=\"(max-width: 800px) 100vw, 800px\" \/>\t\t\t\t\t\t\t\t\t\t\t\t\t\t\t<\/div>\n\t\t\t\t<\/div>\n\t\t\t\t<\/div>\n\t\t\t\t<\/div>\n\t\t\t\t<div class=\"elementor-element elementor-element-49eb4a6 elementor-widget elementor-widget-spacer\" data-id=\"49eb4a6\" data-element_type=\"widget\" data-e-type=\"widget\" data-widget_type=\"spacer.default\">\n\t\t\t\t<div class=\"elementor-widget-container\">\n\t\t\t\t\t\t\t<div class=\"elementor-spacer\">\n\t\t\t<div class=\"elementor-spacer-inner\"><\/div>\n\t\t<\/div>\n\t\t\t\t\t\t<\/div>\n\t\t\t\t<\/div>\n\t\t\t\t\t<\/div>\n\t\t\t\t<\/div>\n\t\t\t\t<\/div>\n\t\t","protected":false},"excerpt":{"rendered":"","protected":false},"author":1,"featured_media":0,"parent":0,"menu_order":0,"comment_status":"closed","ping_status":"closed","template":"","meta":{"_acf_changed":false,"footnotes":""},"class_list":["post-2282","page","type-page","status-publish","hentry"],"acf":[],"_links":{"self":[{"href":"https:\/\/www.inextract.com\/tr\/wp-json\/wp\/v2\/pages\/2282","targetHints":{"allow":["GET"]}}],"collection":[{"href":"https:\/\/www.inextract.com\/tr\/wp-json\/wp\/v2\/pages"}],"about":[{"href":"https:\/\/www.inextract.com\/tr\/wp-json\/wp\/v2\/types\/page"}],"author":[{"embeddable":true,"href":"https:\/\/www.inextract.com\/tr\/wp-json\/wp\/v2\/users\/1"}],"replies":[{"embeddable":true,"href":"https:\/\/www.inextract.com\/tr\/wp-json\/wp\/v2\/comments?post=2282"}],"version-history":[{"count":6,"href":"https:\/\/www.inextract.com\/tr\/wp-json\/wp\/v2\/pages\/2282\/revisions"}],"predecessor-version":[{"id":2458,"href":"https:\/\/www.inextract.com\/tr\/wp-json\/wp\/v2\/pages\/2282\/revisions\/2458"}],"wp:attachment":[{"href":"https:\/\/www.inextract.com\/tr\/wp-json\/wp\/v2\/media?parent=2282"}],"curies":[{"name":"wp","href":"https:\/\/api.w.org\/{rel}","templated":true}]}}