{"id":2289,"date":"2024-08-05T09:58:56","date_gmt":"2024-08-05T09:58:56","guid":{"rendered":"https:\/\/www.rime.com.tr\/hakkimizda\/"},"modified":"2024-08-26T12:09:36","modified_gmt":"2024-08-26T12:09:36","slug":"hakkimizda","status":"publish","type":"page","link":"https:\/\/www.inextract.com\/tr\/hakkimizda\/","title":{"rendered":"Hakk\u0131m\u0131zda"},"content":{"rendered":"\t\t<div data-elementor-type=\"wp-page\" data-elementor-id=\"2289\" class=\"elementor elementor-2289 elementor-44\" data-elementor-post-type=\"page\">\n\t\t\t\t<div class=\"elementor-element elementor-element-1e67835 e-flex e-con-boxed e-con e-parent\" data-id=\"1e67835\" data-element_type=\"container\" data-e-type=\"container\">\n\t\t\t\t\t<div class=\"e-con-inner\">\n\t\t\t\t<div class=\"elementor-element elementor-element-a8226a9 elementor-widget elementor-widget-spacer\" data-id=\"a8226a9\" data-element_type=\"widget\" data-e-type=\"widget\" data-widget_type=\"spacer.default\">\n\t\t\t\t<div class=\"elementor-widget-container\">\n\t\t\t\t\t\t\t<div class=\"elementor-spacer\">\n\t\t\t<div class=\"elementor-spacer-inner\"><\/div>\n\t\t<\/div>\n\t\t\t\t\t\t<\/div>\n\t\t\t\t<\/div>\n\t\t\t\t<div class=\"elementor-element elementor-element-2f3c0ac elementor-widget elementor-widget-heading\" data-id=\"2f3c0ac\" data-element_type=\"widget\" data-e-type=\"widget\" data-widget_type=\"heading.default\">\n\t\t\t\t<div class=\"elementor-widget-container\">\n\t\t\t\t\t<h1 class=\"elementor-heading-title elementor-size-default\">inextract Hakk\u0131nda<\/h1>\t\t\t\t<\/div>\n\t\t\t\t<\/div>\n\t\t\t\t<div class=\"elementor-element elementor-element-0ac5a8e elementor-widget elementor-widget-spacer\" data-id=\"0ac5a8e\" data-element_type=\"widget\" data-e-type=\"widget\" data-widget_type=\"spacer.default\">\n\t\t\t\t<div class=\"elementor-widget-container\">\n\t\t\t\t\t\t\t<div class=\"elementor-spacer\">\n\t\t\t<div class=\"elementor-spacer-inner\"><\/div>\n\t\t<\/div>\n\t\t\t\t\t\t<\/div>\n\t\t\t\t<\/div>\n\t\t\t\t\t<\/div>\n\t\t\t\t<\/div>\n\t\t<div class=\"elementor-element elementor-element-060ed48 e-flex e-con-boxed e-con e-parent\" data-id=\"060ed48\" data-element_type=\"container\" data-e-type=\"container\">\n\t\t\t\t\t<div class=\"e-con-inner\">\n\t\t<div class=\"elementor-element elementor-element-3e6c7f5 e-con-full e-flex e-con e-child\" data-id=\"3e6c7f5\" data-element_type=\"container\" data-e-type=\"container\" data-settings=\"{&quot;background_background&quot;:&quot;classic&quot;}\">\n\t\t\t\t<div class=\"elementor-element elementor-element-76b9c24 elementor-widget elementor-widget-heading\" data-id=\"76b9c24\" data-element_type=\"widget\" data-e-type=\"widget\" data-widget_type=\"heading.default\">\n\t\t\t\t<div class=\"elementor-widget-container\">\n\t\t\t\t\t<p class=\"elementor-heading-title elementor-size-default\">Do\u011fadan Esinlenilmi\u015f<\/p>\t\t\t\t<\/div>\n\t\t\t\t<\/div>\n\t\t\t\t<div class=\"elementor-element elementor-element-1388742 elementor-widget elementor-widget-heading\" data-id=\"1388742\" data-element_type=\"widget\" data-e-type=\"widget\" data-widget_type=\"heading.default\">\n\t\t\t\t<div class=\"elementor-widget-container\">\n\t\t\t\t\t<p class=\"elementor-heading-title elementor-size-default\">Daha \u0130yi Bir Ya\u015fam \u0130\u00e7in \u00c7\u00f6z\u00fcmler.<\/p>\t\t\t\t<\/div>\n\t\t\t\t<\/div>\n\t\t\t\t<\/div>\n\t\t\t\t\t<\/div>\n\t\t\t\t<\/div>\n\t\t<div class=\"elementor-element elementor-element-f946a0b e-flex e-con-boxed e-con e-parent\" data-id=\"f946a0b\" data-element_type=\"container\" data-e-type=\"container\">\n\t\t\t\t\t<div class=\"e-con-inner\">\n\t\t\t\t<div class=\"elementor-element elementor-element-b32958d elementor-widget elementor-widget-spacer\" data-id=\"b32958d\" data-element_type=\"widget\" data-e-type=\"widget\" data-widget_type=\"spacer.default\">\n\t\t\t\t<div class=\"elementor-widget-container\">\n\t\t\t\t\t\t\t<div class=\"elementor-spacer\">\n\t\t\t<div class=\"elementor-spacer-inner\"><\/div>\n\t\t<\/div>\n\t\t\t\t\t\t<\/div>\n\t\t\t\t<\/div>\n\t\t\t\t<div class=\"elementor-element elementor-element-2773339 elementor-widget elementor-widget-heading\" data-id=\"2773339\" data-element_type=\"widget\" data-e-type=\"widget\" data-widget_type=\"heading.default\">\n\t\t\t\t<div class=\"elementor-widget-container\">\n\t\t\t\t\t<h2 class=\"elementor-heading-title elementor-size-default\">INEXTRACt Misyon<\/h2>\t\t\t\t<\/div>\n\t\t\t\t<\/div>\n\t\t\t\t<div class=\"elementor-element elementor-element-895a314 elementor-widget elementor-widget-text-editor\" data-id=\"895a314\" data-element_type=\"widget\" data-e-type=\"widget\" data-widget_type=\"text-editor.default\">\n\t\t\t\t<div class=\"elementor-widget-container\">\n\t\t\t\t\t\t\t\t\t<p>T\u00dcB\u0130TAK ortakl\u0131\u011f\u0131yla kurulan INEXTRACT, T\u00fcrkiye&#8217;nin biyoteknolojik yeniliklerini d\u00fcnyaya ta\u015f\u0131ma arzusuyla yola \u00e7\u0131km\u0131\u015ft\u0131r. Do\u011fay\u0131 koruyan bir yakla\u015f\u0131mla, insanl\u0131\u011f\u0131n hizmetine sunulan yenilik\u00e7i \u00fcr\u00fcnler ve \u00e7\u00f6z\u00fcmler geli\u015ftirerek ya\u015fam kalitesini art\u0131rmay\u0131 ama\u00e7lamaktad\u0131r. \u015eirket, do\u011fal kaynaklar\u0131 ak\u0131ll\u0131ca kullanarak ve koruyarak s\u00fcrd\u00fcr\u00fclebilirlik ilkelerine s\u0131k\u0131 s\u0131k\u0131ya ba\u011fl\u0131 kalmaktad\u0131r. INEXTRACT gelece\u011fe iyimser bir bak\u0131\u015f a\u00e7\u0131s\u0131na sahiptir ve biyoteknolojinin g\u00fcc\u00fcyle daha sa\u011fl\u0131kl\u0131 ve daha ya\u015fanabilir bir d\u00fcnya in\u015fa etmeye kendini adam\u0131\u015ft\u0131r.<\/p>\n\t\t\t\t\t\t\t\t<\/div>\n\t\t\t\t<\/div>\n\t\t\t\t<div class=\"elementor-element elementor-element-3e52540 elementor-widget elementor-widget-spacer\" data-id=\"3e52540\" data-element_type=\"widget\" data-e-type=\"widget\" data-widget_type=\"spacer.default\">\n\t\t\t\t<div class=\"elementor-widget-container\">\n\t\t\t\t\t\t\t<div class=\"elementor-spacer\">\n\t\t\t<div class=\"elementor-spacer-inner\"><\/div>\n\t\t<\/div>\n\t\t\t\t\t\t<\/div>\n\t\t\t\t<\/div>\n\t\t\t\t\t<\/div>\n\t\t\t\t<\/div>\n\t\t<div class=\"elementor-element elementor-element-4448f44 e-flex e-con-boxed e-con e-parent\" data-id=\"4448f44\" data-element_type=\"container\" data-e-type=\"container\">\n\t\t\t\t\t<div class=\"e-con-inner\">\n\t\t\t\t<div class=\"elementor-element elementor-element-e6bec06 elementor-widget elementor-widget-spacer\" data-id=\"e6bec06\" data-element_type=\"widget\" data-e-type=\"widget\" data-widget_type=\"spacer.default\">\n\t\t\t\t<div class=\"elementor-widget-container\">\n\t\t\t\t\t\t\t<div class=\"elementor-spacer\">\n\t\t\t<div class=\"elementor-spacer-inner\"><\/div>\n\t\t<\/div>\n\t\t\t\t\t\t<\/div>\n\t\t\t\t<\/div>\n\t\t\t\t<div class=\"elementor-element elementor-element-629e878 elementor-widget elementor-widget-heading\" data-id=\"629e878\" data-element_type=\"widget\" data-e-type=\"widget\" data-widget_type=\"heading.default\">\n\t\t\t\t<div class=\"elementor-widget-container\">\n\t\t\t\t\t<h2 class=\"elementor-heading-title elementor-size-default\">INEXTRACT Vizyon<\/h2>\t\t\t\t<\/div>\n\t\t\t\t<\/div>\n\t\t\t\t<div class=\"elementor-element elementor-element-ed0362d elementor-widget elementor-widget-text-editor\" data-id=\"ed0362d\" data-element_type=\"widget\" data-e-type=\"widget\" data-widget_type=\"text-editor.default\">\n\t\t\t\t<div class=\"elementor-widget-container\">\n\t\t\t\t\t\t\t\t\t<p>INEXTRACT, biyoteknolojinin sundu\u011fu s\u0131n\u0131rs\u0131z potansiyeli kullanarak gelece\u011fe \u0131\u015f\u0131k tutma vizyonuna sahiptir. \u015eirket, do\u011fayla uyumlu yenilik\u00e7i \u00e7\u00f6z\u00fcmler geli\u015ftirerek insan sa\u011fl\u0131\u011f\u0131n\u0131 ve refah\u0131n\u0131 en \u00fcst seviyeye \u00e7\u0131karmay\u0131 ama\u00e7lamaktad\u0131r. S\u00fcrd\u00fcr\u00fclebilirlik yolculu\u011funda s\u00fcrekli ara\u015ft\u0131rma ve geli\u015ftirmeye yat\u0131r\u0131m yapan INEXTRACT, biyoteknoloji alan\u0131nda T\u00fcrkiye&#8217;nin lider g\u00fcc\u00fc olma yolunda emin ad\u0131mlarla ilerlemektedir.<\/p>\n\t\t\t\t\t\t\t\t<\/div>\n\t\t\t\t<\/div>\n\t\t\t\t<div class=\"elementor-element elementor-element-f9d662e elementor-widget elementor-widget-spacer\" data-id=\"f9d662e\" data-element_type=\"widget\" data-e-type=\"widget\" data-widget_type=\"spacer.default\">\n\t\t\t\t<div class=\"elementor-widget-container\">\n\t\t\t\t\t\t\t<div class=\"elementor-spacer\">\n\t\t\t<div class=\"elementor-spacer-inner\"><\/div>\n\t\t<\/div>\n\t\t\t\t\t\t<\/div>\n\t\t\t\t<\/div>\n\t\t\t\t\t<\/div>\n\t\t\t\t<\/div>\n\t\t<div class=\"elementor-element elementor-element-ca3a918 e-flex e-con-boxed e-con e-parent\" data-id=\"ca3a918\" data-element_type=\"container\" data-e-type=\"container\">\n\t\t\t\t\t<div class=\"e-con-inner\">\n\t\t\t\t<div class=\"elementor-element elementor-element-554436d elementor-widget elementor-widget-spacer\" data-id=\"554436d\" data-element_type=\"widget\" data-e-type=\"widget\" data-widget_type=\"spacer.default\">\n\t\t\t\t<div class=\"elementor-widget-container\">\n\t\t\t\t\t\t\t<div class=\"elementor-spacer\">\n\t\t\t<div class=\"elementor-spacer-inner\"><\/div>\n\t\t<\/div>\n\t\t\t\t\t\t<\/div>\n\t\t\t\t<\/div>\n\t\t\t\t<div class=\"elementor-element elementor-element-0bd51f2 elementor-widget elementor-widget-heading\" data-id=\"0bd51f2\" data-element_type=\"widget\" data-e-type=\"widget\" data-widget_type=\"heading.default\">\n\t\t\t\t<div class=\"elementor-widget-container\">\n\t\t\t\t\t<h2 class=\"elementor-heading-title elementor-size-default\">tarihimiz<\/h2>\t\t\t\t<\/div>\n\t\t\t\t<\/div>\n\t\t\t\t<div class=\"elementor-element elementor-element-7bf2fc4 elementor-widget elementor-widget-text-editor\" data-id=\"7bf2fc4\" data-element_type=\"widget\" data-e-type=\"widget\" data-widget_type=\"text-editor.default\">\n\t\t\t\t<div class=\"elementor-widget-container\">\n\t\t\t\t\t\t\t\t\t<p>\u00dc\u00e7 vizyon sahibi ki\u015fi, T\u00fcrkiye&#8217;nin biyoteknoloji alan\u0131nda \u00f6nc\u00fc bir g\u00fc\u00e7 olma potansiyeline hayrand\u0131. Do\u011fan\u0131n sundu\u011fu harikalara hayrand\u0131lar, yenilik\u00e7i \u00e7\u00f6z\u00fcmler yaratma konusunda tutkuluydular, giri\u015fimci bir ruha sahiptiler ve yeni fikirleri uygulamaya \u00e7ok istekliydiler. Farkl\u0131 ge\u00e7mi\u015flerine ve uzmanl\u0131k alanlar\u0131na ra\u011fmen, ortak bir hedefle birle\u015fmi\u015flerdi: T\u00fcrkiye&#8217;yi biyoteknoloji alan\u0131nda \u00f6nc\u00fc bir \u00fclke yapmak. Bu tutkulu vizyon sahipleri, INEXTRACT&#8217;\u0131 kurarak hayallerini ger\u00e7ekle\u015ftirmeye karar verdiler. Ba\u015flang\u0131\u00e7 \u200b\u200bkolay olmad\u0131. S\u0131n\u0131rl\u0131 kaynaklarla ve b\u00fcy\u00fck bir rekabetle kar\u015f\u0131 kar\u015f\u0131ya kald\u0131lar. Ancak asla pes etmediler. Uzun ve yorucu vardiyalar\u0131n sonucunda yeni fikirler \u00fcrettiler ve s\u00fcrd\u00fcr\u00fclebilir \u00e7\u00f6z\u00fcmler geli\u015ftirdiler. Bir T\u00dcB\u0130TAK projesi sadece ba\u015flang\u0131\u00e7t\u0131. INEXTRACT, her ad\u0131mda yenilik\u00e7i \u00e7\u00f6z\u00fcmler \u00fcreterek ve s\u00fcrd\u00fcr\u00fclebilirlik ilkelerine ba\u011fl\u0131 kalarak b\u00fcy\u00fcd\u00fc. Bug\u00fcn, INEXTRACT T\u00fcrkiye&#8217;nin en sayg\u0131n biyoteknoloji \u015firketlerinden biri haline geldi. \u00dcr\u00fcnleri ve \u00e7\u00f6z\u00fcmleri d\u00fcnya \u00e7ap\u0131nda milyonlarca insana ula\u015f\u0131yor. \u015eirket yaln\u0131zca kar amac\u0131 g\u00fcden bir kurulu\u015f olarak de\u011fil, ayn\u0131 zamanda \u00e7evreye ve topluma duyarl\u0131 bir kurulu\u015f olarak da biliniyor. INEXTRACT\u2019\u0131n hikayesi sadece bir ba\u015far\u0131 hikayesi de\u011fil, ayn\u0131 zamanda T\u00fcrkiye\u2019nin potansiyeli ve vizyon sahibi giri\u015fimcilerin g\u00fcc\u00fc hakk\u0131nda bir ilham kayna\u011f\u0131d\u0131r.<\/p>\n\t\t\t\t\t\t\t\t<\/div>\n\t\t\t\t<\/div>\n\t\t\t\t<div class=\"elementor-element elementor-element-40fe526 elementor-widget elementor-widget-spacer\" data-id=\"40fe526\" data-element_type=\"widget\" data-e-type=\"widget\" data-widget_type=\"spacer.default\">\n\t\t\t\t<div class=\"elementor-widget-container\">\n\t\t\t\t\t\t\t<div class=\"elementor-spacer\">\n\t\t\t<div class=\"elementor-spacer-inner\"><\/div>\n\t\t<\/div>\n\t\t\t\t\t\t<\/div>\n\t\t\t\t<\/div>\n\t\t\t\t\t<\/div>\n\t\t\t\t<\/div>\n\t\t<div class=\"elementor-element elementor-element-99480ff e-flex e-con-boxed e-con e-parent\" data-id=\"99480ff\" data-element_type=\"container\" data-e-type=\"container\">\n\t\t\t\t\t<div class=\"e-con-inner\">\n\t\t\t\t<div class=\"elementor-element elementor-element-ef06c48 elementor-widget elementor-widget-spacer\" data-id=\"ef06c48\" data-element_type=\"widget\" data-e-type=\"widget\" data-widget_type=\"spacer.default\">\n\t\t\t\t<div class=\"elementor-widget-container\">\n\t\t\t\t\t\t\t<div class=\"elementor-spacer\">\n\t\t\t<div class=\"elementor-spacer-inner\"><\/div>\n\t\t<\/div>\n\t\t\t\t\t\t<\/div>\n\t\t\t\t<\/div>\n\t\t<div class=\"elementor-element elementor-element-46e9b46 e-con-full e-flex e-con e-child\" data-id=\"46e9b46\" data-element_type=\"container\" data-e-type=\"container\">\n\t\t\t\t<div class=\"elementor-element elementor-element-c6b7324 elementor-widget elementor-widget-heading\" data-id=\"c6b7324\" data-element_type=\"widget\" data-e-type=\"widget\" data-widget_type=\"heading.default\">\n\t\t\t\t<div class=\"elementor-widget-container\">\n\t\t\t\t\t<h2 class=\"elementor-heading-title elementor-size-default\">Biz Sizin \u0130\u00e7in Buraday\u0131z<\/h2>\t\t\t\t<\/div>\n\t\t\t\t<\/div>\n\t\t\t\t<div class=\"elementor-element elementor-element-dc0b64a elementor-widget elementor-widget-text-editor\" data-id=\"dc0b64a\" data-element_type=\"widget\" data-e-type=\"widget\" data-widget_type=\"text-editor.default\">\n\t\t\t\t<div class=\"elementor-widget-container\">\n\t\t\t\t\t\t\t\t\t<p>Herhangi bir sorunuz mu var? Size m\u00fcmk\u00fcn olan en iyi \u015fekilde yard\u0131mc\u0131 olmak i\u00e7in buraday\u0131z. Bizimle ileti\u015fime ge\u00e7in ve \u00e7\u00f6z\u00fcmlerimizi ke\u015ffedin.<\/p>\n\t\t\t\t\t\t\t\t<\/div>\n\t\t\t\t<\/div>\n\t\t\t\t<div class=\"elementor-element elementor-element-6d683c2 elementor-align-center elementor-widget elementor-widget-button\" data-id=\"6d683c2\" data-element_type=\"widget\" data-e-type=\"widget\" data-widget_type=\"button.default\">\n\t\t\t\t<div class=\"elementor-widget-container\">\n\t\t\t\t\t\t\t\t\t<div class=\"elementor-button-wrapper\">\n\t\t\t\t\t<a class=\"elementor-button elementor-size-sm\" role=\"button\">\n\t\t\t\t\t\t<span class=\"elementor-button-content-wrapper\">\n\t\t\t\t\t\t<span class=\"elementor-button-icon\">\n\t\t\t\t<svg xmlns=\"http:\/\/www.w3.org\/2000\/svg\" width=\"24\" height=\"24\" viewBox=\"0 0 24 24\" fill=\"none\"><path d=\"M22.0004 16.92V19.92C22.0016 20.1985 21.9445 20.4742 21.8329 20.7293C21.7214 20.9845 21.5577 21.2136 21.3525 21.4019C21.1473 21.5901 20.905 21.7335 20.6412 21.8227C20.3773 21.9119 20.0978 21.9451 19.8204 21.92C16.7433 21.5856 13.7874 20.5341 11.1904 18.85C8.77425 17.3147 6.72576 15.2662 5.19042 12.85C3.5004 10.2412 2.44866 7.27099 2.12042 4.18C2.09543 3.90346 2.1283 3.62476 2.21692 3.36162C2.30555 3.09849 2.44799 2.85669 2.63519 2.65162C2.82238 2.44655 3.05023 2.28271 3.30421 2.17052C3.5582 2.05833 3.83276 2.00026 4.11042 2H7.11042C7.59573 1.99522 8.06621 2.16708 8.43418 2.48353C8.80215 2.79998 9.0425 3.23944 9.11042 3.72C9.23704 4.68006 9.47187 5.62272 9.81042 6.53C9.94497 6.88792 9.97408 7.27691 9.89433 7.65088C9.81457 8.02484 9.62928 8.36811 9.36042 8.64L8.09042 9.91C9.51398 12.4135 11.5869 14.4864 14.0904 15.91L15.3604 14.64C15.6323 14.3711 15.9756 14.1858 16.3495 14.1061C16.7235 14.0263 17.1125 14.0555 17.4704 14.19C18.3777 14.5285 19.3204 14.7634 20.2804 14.89C20.7662 14.9585 21.2098 15.2032 21.527 15.5775C21.8441 15.9518 22.0126 16.4296 22.0004 16.92Z\" stroke=\"white\" stroke-width=\"2\" stroke-linecap=\"round\" stroke-linejoin=\"round\"><\/path><\/svg>\t\t\t<\/span>\n\t\t\t\t\t\t\t\t\t<span class=\"elementor-button-text\">Ba\u015flay\u0131n<\/span>\n\t\t\t\t\t<\/span>\n\t\t\t\t\t<\/a>\n\t\t\t\t<\/div>\n\t\t\t\t\t\t\t\t<\/div>\n\t\t\t\t<\/div>\n\t\t\t\t<\/div>\n\t\t\t\t<div class=\"elementor-element elementor-element-458d734 elementor-widget elementor-widget-spacer\" data-id=\"458d734\" data-element_type=\"widget\" data-e-type=\"widget\" data-widget_type=\"spacer.default\">\n\t\t\t\t<div class=\"elementor-widget-container\">\n\t\t\t\t\t\t\t<div class=\"elementor-spacer\">\n\t\t\t<div class=\"elementor-spacer-inner\"><\/div>\n\t\t<\/div>\n\t\t\t\t\t\t<\/div>\n\t\t\t\t<\/div>\n\t\t\t\t\t<\/div>\n\t\t\t\t<\/div>\n\t\t\t\t<\/div>\n\t\t","protected":false},"excerpt":{"rendered":"","protected":false},"author":1,"featured_media":2166,"parent":0,"menu_order":2,"comment_status":"closed","ping_status":"closed","template":"","meta":{"_acf_changed":false,"footnotes":""},"class_list":["post-2289","page","type-page","status-publish","has-post-thumbnail","hentry"],"acf":[],"_links":{"self":[{"href":"https:\/\/www.inextract.com\/tr\/wp-json\/wp\/v2\/pages\/2289","targetHints":{"allow":["GET"]}}],"collection":[{"href":"https:\/\/www.inextract.com\/tr\/wp-json\/wp\/v2\/pages"}],"about":[{"href":"https:\/\/www.inextract.com\/tr\/wp-json\/wp\/v2\/types\/page"}],"author":[{"embeddable":true,"href":"https:\/\/www.inextract.com\/tr\/wp-json\/wp\/v2\/users\/1"}],"replies":[{"embeddable":true,"href":"https:\/\/www.inextract.com\/tr\/wp-json\/wp\/v2\/comments?post=2289"}],"version-history":[{"count":2,"href":"https:\/\/www.inextract.com\/tr\/wp-json\/wp\/v2\/pages\/2289\/revisions"}],"predecessor-version":[{"id":2303,"href":"https:\/\/www.inextract.com\/tr\/wp-json\/wp\/v2\/pages\/2289\/revisions\/2303"}],"wp:featuredmedia":[{"embeddable":true,"href":"https:\/\/www.inextract.com\/tr\/wp-json\/wp\/v2\/media\/2166"}],"wp:attachment":[{"href":"https:\/\/www.inextract.com\/tr\/wp-json\/wp\/v2\/media?parent=2289"}],"curies":[{"name":"wp","href":"https:\/\/api.w.org\/{rel}","templated":true}]}}