{"id":2294,"date":"2024-08-05T09:59:26","date_gmt":"2024-08-05T09:59:26","guid":{"rendered":"https:\/\/www.rime.com.tr\/profesyoneller\/"},"modified":"2024-08-26T13:21:47","modified_gmt":"2024-08-26T13:21:47","slug":"profesyoneller","status":"publish","type":"page","link":"https:\/\/www.inextract.com\/tr\/profesyoneller\/","title":{"rendered":"Profesyoneller"},"content":{"rendered":"\t\t<div data-elementor-type=\"wp-page\" data-elementor-id=\"2294\" class=\"elementor elementor-2294 elementor-48\" data-elementor-post-type=\"page\">\n\t\t\t\t<div class=\"elementor-element elementor-element-ca81e43 e-flex e-con-boxed e-con e-parent\" data-id=\"ca81e43\" data-element_type=\"container\" data-e-type=\"container\">\n\t\t\t\t\t<div class=\"e-con-inner\">\n\t\t\t\t<div class=\"elementor-element elementor-element-055d9a9 elementor-widget elementor-widget-spacer\" data-id=\"055d9a9\" data-element_type=\"widget\" data-e-type=\"widget\" data-widget_type=\"spacer.default\">\n\t\t\t\t<div class=\"elementor-widget-container\">\n\t\t\t\t\t\t\t<div class=\"elementor-spacer\">\n\t\t\t<div class=\"elementor-spacer-inner\"><\/div>\n\t\t<\/div>\n\t\t\t\t\t\t<\/div>\n\t\t\t\t<\/div>\n\t\t\t\t<div class=\"elementor-element elementor-element-140bfdb elementor-widget elementor-widget-heading\" data-id=\"140bfdb\" data-element_type=\"widget\" data-e-type=\"widget\" data-widget_type=\"heading.default\">\n\t\t\t\t<div class=\"elementor-widget-container\">\n\t\t\t\t\t<h1 class=\"elementor-heading-title elementor-size-default\">Bize kat\u0131l\u0131n<\/h1>\t\t\t\t<\/div>\n\t\t\t\t<\/div>\n\t\t\t\t<div class=\"elementor-element elementor-element-9e709f1 elementor-widget elementor-widget-spacer\" data-id=\"9e709f1\" data-element_type=\"widget\" data-e-type=\"widget\" data-widget_type=\"spacer.default\">\n\t\t\t\t<div class=\"elementor-widget-container\">\n\t\t\t\t\t\t\t<div class=\"elementor-spacer\">\n\t\t\t<div class=\"elementor-spacer-inner\"><\/div>\n\t\t<\/div>\n\t\t\t\t\t\t<\/div>\n\t\t\t\t<\/div>\n\t\t\t\t\t<\/div>\n\t\t\t\t<\/div>\n\t\t<div class=\"elementor-element elementor-element-57bcc11 e-flex e-con-boxed e-con e-parent\" data-id=\"57bcc11\" data-element_type=\"container\" data-e-type=\"container\">\n\t\t\t\t\t<div class=\"e-con-inner\">\n\t\t<div class=\"elementor-element elementor-element-31aa375 e-con-full e-flex e-con e-child\" data-id=\"31aa375\" data-element_type=\"container\" data-e-type=\"container\" data-settings=\"{&quot;background_background&quot;:&quot;classic&quot;}\">\n\t\t\t\t<\/div>\n\t\t\t\t\t<\/div>\n\t\t\t\t<\/div>\n\t\t<div class=\"elementor-element elementor-element-e12d218 e-flex e-con-boxed e-con e-parent\" data-id=\"e12d218\" data-element_type=\"container\" data-e-type=\"container\">\n\t\t\t\t\t<div class=\"e-con-inner\">\n\t\t\t\t<div class=\"elementor-element elementor-element-8c9ddfd elementor-widget elementor-widget-spacer\" data-id=\"8c9ddfd\" data-element_type=\"widget\" data-e-type=\"widget\" data-widget_type=\"spacer.default\">\n\t\t\t\t<div class=\"elementor-widget-container\">\n\t\t\t\t\t\t\t<div class=\"elementor-spacer\">\n\t\t\t<div class=\"elementor-spacer-inner\"><\/div>\n\t\t<\/div>\n\t\t\t\t\t\t<\/div>\n\t\t\t\t<\/div>\n\t\t\t\t<div class=\"elementor-element elementor-element-4bc2484 elementor-widget elementor-widget-heading\" data-id=\"4bc2484\" data-element_type=\"widget\" data-e-type=\"widget\" data-widget_type=\"heading.default\">\n\t\t\t\t<div class=\"elementor-widget-container\">\n\t\t\t\t\t<h2 class=\"elementor-heading-title elementor-size-default\">Profesyoneller<\/h2>\t\t\t\t<\/div>\n\t\t\t\t<\/div>\n\t\t\t\t<div class=\"elementor-element elementor-element-0eb55b9 elementor-widget elementor-widget-text-editor\" data-id=\"0eb55b9\" data-element_type=\"widget\" data-e-type=\"widget\" data-widget_type=\"text-editor.default\">\n\t\t\t\t<div class=\"elementor-widget-container\">\n\t\t\t\t\t\t\t\t\t<p>INEXTRACT&#8217;ta ekibimiz ve \u00e7al\u0131\u015fma k\u00fclt\u00fcr\u00fcm\u00fcz ba\u015far\u0131m\u0131z\u0131n kalbidir. Her \u00fcye yolculu\u011fumuza katk\u0131da bulunur ve bizi olas\u0131l\u0131klarla dolu bir gelece\u011fe do\u011fru g\u00f6t\u00fcr\u00fcr. Sekt\u00f6r\u00fcm\u00fcz\u00fcn \u00f6n saflar\u0131nda ilerlemeye derinden ba\u011fl\u0131y\u0131z. Uzmanl\u0131k, yenilik\u00e7ilik ve son teknolojiden olu\u015fan benzersiz kar\u0131\u015f\u0131m\u0131m\u0131z, \u00e7al\u0131\u015fanlar\u0131m\u0131z\u0131 giri\u015fimciler gibi d\u00fc\u015f\u00fcnmeye ve tutkuyla hareket etmeye te\u015fvik eder. Bu nedenle ola\u011fan\u00fcst\u00fc bireyler bizimle b\u00fcy\u00fcmeyi se\u00e7er ve kariyerlerinde hem zorluk hem de tatmin bulurlar.    <\/p>\n\t\t\t\t\t\t\t\t<\/div>\n\t\t\t\t<\/div>\n\t\t\t\t<div class=\"elementor-element elementor-element-0476ec8 elementor-widget elementor-widget-spacer\" data-id=\"0476ec8\" data-element_type=\"widget\" data-e-type=\"widget\" data-widget_type=\"spacer.default\">\n\t\t\t\t<div class=\"elementor-widget-container\">\n\t\t\t\t\t\t\t<div class=\"elementor-spacer\">\n\t\t\t<div class=\"elementor-spacer-inner\"><\/div>\n\t\t<\/div>\n\t\t\t\t\t\t<\/div>\n\t\t\t\t<\/div>\n\t\t\t\t\t<\/div>\n\t\t\t\t<\/div>\n\t\t<div class=\"elementor-element elementor-element-3366d78 e-flex e-con-boxed e-con e-parent\" data-id=\"3366d78\" data-element_type=\"container\" data-e-type=\"container\">\n\t\t\t\t\t<div class=\"e-con-inner\">\n\t\t\t\t<div class=\"elementor-element elementor-element-00311d8 elementor-widget elementor-widget-spacer\" data-id=\"00311d8\" data-element_type=\"widget\" data-e-type=\"widget\" data-widget_type=\"spacer.default\">\n\t\t\t\t<div class=\"elementor-widget-container\">\n\t\t\t\t\t\t\t<div class=\"elementor-spacer\">\n\t\t\t<div class=\"elementor-spacer-inner\"><\/div>\n\t\t<\/div>\n\t\t\t\t\t\t<\/div>\n\t\t\t\t<\/div>\n\t\t\t\t<div class=\"elementor-element elementor-element-0c64f27 elementor-widget elementor-widget-heading\" data-id=\"0c64f27\" data-element_type=\"widget\" data-e-type=\"widget\" data-widget_type=\"heading.default\">\n\t\t\t\t<div class=\"elementor-widget-container\">\n\t\t\t\t\t<h2 class=\"elementor-heading-title elementor-size-default\">Yolculu\u011funuza Ba\u015flay\u0131n<\/h2>\t\t\t\t<\/div>\n\t\t\t\t<\/div>\n\t\t\t\t<div class=\"elementor-element elementor-element-287a484 elementor-widget elementor-widget-text-editor\" data-id=\"287a484\" data-element_type=\"widget\" data-e-type=\"widget\" data-widget_type=\"text-editor.default\">\n\t\t\t\t<div class=\"elementor-widget-container\">\n\t\t\t\t\t\t\t\t\t<p>Heyecan verici yeni f\u0131rsatlar\u0131 ke\u015ffedin ve kariyer portal\u0131m\u0131zda hangi pozisyonlar\u0131n a\u00e7\u0131k oldu\u011funu g\u00f6r\u00fcn. Bir sonraki ad\u0131m\u0131 at\u0131n ve bizimle nas\u0131l etki yaratabilece\u011finizi ke\u015ffedin. <\/p>\n\t\t\t\t\t\t\t\t<\/div>\n\t\t\t\t<\/div>\n\t\t\t\t<div class=\"elementor-element elementor-element-f0fe2da elementor-widget elementor-widget-spacer\" data-id=\"f0fe2da\" data-element_type=\"widget\" data-e-type=\"widget\" data-widget_type=\"spacer.default\">\n\t\t\t\t<div class=\"elementor-widget-container\">\n\t\t\t\t\t\t\t<div class=\"elementor-spacer\">\n\t\t\t<div class=\"elementor-spacer-inner\"><\/div>\n\t\t<\/div>\n\t\t\t\t\t\t<\/div>\n\t\t\t\t<\/div>\n\t\t\t\t\t<\/div>\n\t\t\t\t<\/div>\n\t\t<div class=\"elementor-element elementor-element-52a8513 e-flex e-con-boxed e-con e-parent\" data-id=\"52a8513\" data-element_type=\"container\" data-e-type=\"container\">\n\t\t\t\t\t<div class=\"e-con-inner\">\n\t\t\t\t<div class=\"elementor-element elementor-element-25df3e9 elementor-widget elementor-widget-spacer\" data-id=\"25df3e9\" data-element_type=\"widget\" data-e-type=\"widget\" data-widget_type=\"spacer.default\">\n\t\t\t\t<div class=\"elementor-widget-container\">\n\t\t\t\t\t\t\t<div class=\"elementor-spacer\">\n\t\t\t<div class=\"elementor-spacer-inner\"><\/div>\n\t\t<\/div>\n\t\t\t\t\t\t<\/div>\n\t\t\t\t<\/div>\n\t\t<div class=\"elementor-element elementor-element-128eb81 e-con-full e-flex e-con e-child\" data-id=\"128eb81\" data-element_type=\"container\" data-e-type=\"container\">\n\t\t\t\t<div class=\"elementor-element elementor-element-876ef7e elementor-widget elementor-widget-heading\" data-id=\"876ef7e\" data-element_type=\"widget\" data-e-type=\"widget\" data-widget_type=\"heading.default\">\n\t\t\t\t<div class=\"elementor-widget-container\">\n\t\t\t\t\t<h5 class=\"elementor-heading-title elementor-size-default\">Becerileriniz ve tutkular\u0131n\u0131zla uyumlu i\u015f f\u0131rsatlar\u0131n\u0131 ke\u015ffedin<\/h5>\t\t\t\t<\/div>\n\t\t\t\t<\/div>\n\t\t\t\t<div class=\"elementor-element elementor-element-975bc19 elementor-align-center elementor-mobile-align-center elementor-widget elementor-widget-button\" data-id=\"975bc19\" data-element_type=\"widget\" data-e-type=\"widget\" data-widget_type=\"button.default\">\n\t\t\t\t<div class=\"elementor-widget-container\">\n\t\t\t\t\t\t\t\t\t<div class=\"elementor-button-wrapper\">\n\t\t\t\t\t<a class=\"elementor-button elementor-button-link elementor-size-sm\" href=\"https:\/\/www.inextract.com\/tr\/profesyoneller\/basvuru-formu\/\">\n\t\t\t\t\t\t<span class=\"elementor-button-content-wrapper\">\n\t\t\t\t\t\t<span class=\"elementor-button-icon\">\n\t\t\t\t<svg xmlns=\"http:\/\/www.w3.org\/2000\/svg\" width=\"24\" height=\"24\" viewBox=\"0 0 24 24\" fill=\"none\"><path d=\"M22.0004 16.92V19.92C22.0016 20.1985 21.9445 20.4742 21.8329 20.7293C21.7214 20.9845 21.5577 21.2136 21.3525 21.4019C21.1473 21.5901 20.905 21.7335 20.6412 21.8227C20.3773 21.9119 20.0978 21.9451 19.8204 21.92C16.7433 21.5856 13.7874 20.5341 11.1904 18.85C8.77425 17.3147 6.72576 15.2662 5.19042 12.85C3.5004 10.2412 2.44866 7.27099 2.12042 4.18C2.09543 3.90346 2.1283 3.62476 2.21692 3.36162C2.30555 3.09849 2.44799 2.85669 2.63519 2.65162C2.82238 2.44655 3.05023 2.28271 3.30421 2.17052C3.5582 2.05833 3.83276 2.00026 4.11042 2H7.11042C7.59573 1.99522 8.06621 2.16708 8.43418 2.48353C8.80215 2.79998 9.0425 3.23944 9.11042 3.72C9.23704 4.68006 9.47187 5.62272 9.81042 6.53C9.94497 6.88792 9.97408 7.27691 9.89433 7.65088C9.81457 8.02484 9.62928 8.36811 9.36042 8.64L8.09042 9.91C9.51398 12.4135 11.5869 14.4864 14.0904 15.91L15.3604 14.64C15.6323 14.3711 15.9756 14.1858 16.3495 14.1061C16.7235 14.0263 17.1125 14.0555 17.4704 14.19C18.3777 14.5285 19.3204 14.7634 20.2804 14.89C20.7662 14.9585 21.2098 15.2032 21.527 15.5775C21.8441 15.9518 22.0126 16.4296 22.0004 16.92Z\" stroke=\"white\" stroke-width=\"2\" stroke-linecap=\"round\" stroke-linejoin=\"round\"><\/path><\/svg>\t\t\t<\/span>\n\t\t\t\t\t\t\t\t\t<span class=\"elementor-button-text\">Ba\u015flay\u0131n<\/span>\n\t\t\t\t\t<\/span>\n\t\t\t\t\t<\/a>\n\t\t\t\t<\/div>\n\t\t\t\t\t\t\t\t<\/div>\n\t\t\t\t<\/div>\n\t\t\t\t<\/div>\n\t\t\t\t<div class=\"elementor-element elementor-element-2cab05c elementor-widget elementor-widget-spacer\" data-id=\"2cab05c\" data-element_type=\"widget\" data-e-type=\"widget\" data-widget_type=\"spacer.default\">\n\t\t\t\t<div class=\"elementor-widget-container\">\n\t\t\t\t\t\t\t<div class=\"elementor-spacer\">\n\t\t\t<div class=\"elementor-spacer-inner\"><\/div>\n\t\t<\/div>\n\t\t\t\t\t\t<\/div>\n\t\t\t\t<\/div>\n\t\t\t\t\t<\/div>\n\t\t\t\t<\/div>\n\t\t\t\t<\/div>\n\t\t","protected":false},"excerpt":{"rendered":"","protected":false},"author":1,"featured_media":2170,"parent":0,"menu_order":4,"comment_status":"closed","ping_status":"closed","template":"","meta":{"_acf_changed":false,"footnotes":""},"class_list":["post-2294","page","type-page","status-publish","has-post-thumbnail","hentry"],"acf":[],"_links":{"self":[{"href":"https:\/\/www.inextract.com\/tr\/wp-json\/wp\/v2\/pages\/2294","targetHints":{"allow":["GET"]}}],"collection":[{"href":"https:\/\/www.inextract.com\/tr\/wp-json\/wp\/v2\/pages"}],"about":[{"href":"https:\/\/www.inextract.com\/tr\/wp-json\/wp\/v2\/types\/page"}],"author":[{"embeddable":true,"href":"https:\/\/www.inextract.com\/tr\/wp-json\/wp\/v2\/users\/1"}],"replies":[{"embeddable":true,"href":"https:\/\/www.inextract.com\/tr\/wp-json\/wp\/v2\/comments?post=2294"}],"version-history":[{"count":2,"href":"https:\/\/www.inextract.com\/tr\/wp-json\/wp\/v2\/pages\/2294\/revisions"}],"predecessor-version":[{"id":2306,"href":"https:\/\/www.inextract.com\/tr\/wp-json\/wp\/v2\/pages\/2294\/revisions\/2306"}],"wp:featuredmedia":[{"embeddable":true,"href":"https:\/\/www.inextract.com\/tr\/wp-json\/wp\/v2\/media\/2170"}],"wp:attachment":[{"href":"https:\/\/www.inextract.com\/tr\/wp-json\/wp\/v2\/media?parent=2294"}],"curies":[{"name":"wp","href":"https:\/\/api.w.org\/{rel}","templated":true}]}}