{"id":2300,"date":"2024-08-24T08:53:26","date_gmt":"2024-08-24T08:53:26","guid":{"rendered":"https:\/\/www.rime.com.tr\/ogrenci-mezunlar\/"},"modified":"2024-08-26T12:13:33","modified_gmt":"2024-08-26T12:13:33","slug":"ogrenci-mezunlar","status":"publish","type":"page","link":"https:\/\/www.inextract.com\/tr\/ogrenci-mezunlar\/","title":{"rendered":"\u00d6\u011frenci &amp; Mezunlar"},"content":{"rendered":"\t\t<div data-elementor-type=\"wp-page\" data-elementor-id=\"2300\" class=\"elementor elementor-2300 elementor-1738\" data-elementor-post-type=\"page\">\n\t\t\t\t<div class=\"elementor-element elementor-element-ce727c8 e-flex e-con-boxed e-con e-parent\" data-id=\"ce727c8\" data-element_type=\"container\" data-e-type=\"container\">\n\t\t\t\t\t<div class=\"e-con-inner\">\n\t\t\t\t<div class=\"elementor-element elementor-element-8843575 elementor-widget elementor-widget-spacer\" data-id=\"8843575\" data-element_type=\"widget\" data-e-type=\"widget\" data-widget_type=\"spacer.default\">\n\t\t\t\t<div class=\"elementor-widget-container\">\n\t\t\t\t\t\t\t<div class=\"elementor-spacer\">\n\t\t\t<div class=\"elementor-spacer-inner\"><\/div>\n\t\t<\/div>\n\t\t\t\t\t\t<\/div>\n\t\t\t\t<\/div>\n\t\t\t\t<div class=\"elementor-element elementor-element-be5ce1f elementor-widget elementor-widget-heading\" data-id=\"be5ce1f\" data-element_type=\"widget\" data-e-type=\"widget\" data-widget_type=\"heading.default\">\n\t\t\t\t<div class=\"elementor-widget-container\">\n\t\t\t\t\t<h1 class=\"elementor-heading-title elementor-size-default\">Bize Kat\u0131l<\/h1>\t\t\t\t<\/div>\n\t\t\t\t<\/div>\n\t\t\t\t<div class=\"elementor-element elementor-element-4370bae elementor-widget elementor-widget-spacer\" data-id=\"4370bae\" data-element_type=\"widget\" data-e-type=\"widget\" data-widget_type=\"spacer.default\">\n\t\t\t\t<div class=\"elementor-widget-container\">\n\t\t\t\t\t\t\t<div class=\"elementor-spacer\">\n\t\t\t<div class=\"elementor-spacer-inner\"><\/div>\n\t\t<\/div>\n\t\t\t\t\t\t<\/div>\n\t\t\t\t<\/div>\n\t\t\t\t\t<\/div>\n\t\t\t\t<\/div>\n\t\t<div class=\"elementor-element elementor-element-9d6793c e-flex e-con-boxed e-con e-parent\" data-id=\"9d6793c\" data-element_type=\"container\" data-e-type=\"container\">\n\t\t\t\t\t<div class=\"e-con-inner\">\n\t\t<div class=\"elementor-element elementor-element-6db6cb9 e-con-full e-flex e-con e-child\" data-id=\"6db6cb9\" data-element_type=\"container\" data-e-type=\"container\" data-settings=\"{&quot;background_background&quot;:&quot;classic&quot;}\">\n\t\t\t\t<\/div>\n\t\t\t\t\t<\/div>\n\t\t\t\t<\/div>\n\t\t<div class=\"elementor-element elementor-element-fbb17e5 e-flex e-con-boxed e-con e-parent\" data-id=\"fbb17e5\" data-element_type=\"container\" data-e-type=\"container\">\n\t\t\t\t\t<div class=\"e-con-inner\">\n\t\t\t\t<div class=\"elementor-element elementor-element-bd473ff elementor-widget elementor-widget-spacer\" data-id=\"bd473ff\" data-element_type=\"widget\" data-e-type=\"widget\" data-widget_type=\"spacer.default\">\n\t\t\t\t<div class=\"elementor-widget-container\">\n\t\t\t\t\t\t\t<div class=\"elementor-spacer\">\n\t\t\t<div class=\"elementor-spacer-inner\"><\/div>\n\t\t<\/div>\n\t\t\t\t\t\t<\/div>\n\t\t\t\t<\/div>\n\t\t\t\t<div class=\"elementor-element elementor-element-c83d471 elementor-widget elementor-widget-heading\" data-id=\"c83d471\" data-element_type=\"widget\" data-e-type=\"widget\" data-widget_type=\"heading.default\">\n\t\t\t\t<div class=\"elementor-widget-container\">\n\t\t\t\t\t<h2 class=\"elementor-heading-title elementor-size-default\">\u00d6\u011frenci ve mezunlar<\/h2>\t\t\t\t<\/div>\n\t\t\t\t<\/div>\n\t\t\t\t<div class=\"elementor-element elementor-element-469f986 elementor-widget elementor-widget-text-editor\" data-id=\"469f986\" data-element_type=\"widget\" data-e-type=\"widget\" data-widget_type=\"text-editor.default\">\n\t\t\t\t<div class=\"elementor-widget-container\">\n\t\t\t\t\t\t\t\t\t<p>INEXTRACT&#8217;ta ekibimiz ve \u00e7al\u0131\u015fma k\u00fclt\u00fcr\u00fcm\u00fcz ba\u015far\u0131m\u0131z\u0131n kalbidir. Her \u00fcye yolculu\u011fumuza katk\u0131da bulunur ve bizi olas\u0131l\u0131klarla dolu bir gelece\u011fe do\u011fru g\u00f6t\u00fcr\u00fcr. Sekt\u00f6r\u00fcm\u00fcz\u00fcn \u00f6n saflar\u0131nda ilerlemeye derinden ba\u011fl\u0131y\u0131z. Uzmanl\u0131k, yenilik\u00e7ilik ve son teknolojiden olu\u015fan benzersiz kar\u0131\u015f\u0131m\u0131m\u0131z, \u00e7al\u0131\u015fanlar\u0131m\u0131z\u0131 giri\u015fimciler gibi d\u00fc\u015f\u00fcnmeye ve tutkuyla hareket etmeye te\u015fvik eder. Bu nedenle ola\u011fan\u00fcst\u00fc bireyler bizimle b\u00fcy\u00fcmeyi se\u00e7er ve kariyerlerinde hem zorluk hem de tatmin bulurlar.<\/p>\n\t\t\t\t\t\t\t\t<\/div>\n\t\t\t\t<\/div>\n\t\t\t\t<div class=\"elementor-element elementor-element-b5b75a7 elementor-widget elementor-widget-spacer\" data-id=\"b5b75a7\" data-element_type=\"widget\" data-e-type=\"widget\" data-widget_type=\"spacer.default\">\n\t\t\t\t<div class=\"elementor-widget-container\">\n\t\t\t\t\t\t\t<div class=\"elementor-spacer\">\n\t\t\t<div class=\"elementor-spacer-inner\"><\/div>\n\t\t<\/div>\n\t\t\t\t\t\t<\/div>\n\t\t\t\t<\/div>\n\t\t\t\t\t<\/div>\n\t\t\t\t<\/div>\n\t\t<div class=\"elementor-element elementor-element-789ca83 e-flex e-con-boxed e-con e-parent\" data-id=\"789ca83\" data-element_type=\"container\" data-e-type=\"container\">\n\t\t\t\t\t<div class=\"e-con-inner\">\n\t\t\t\t<div class=\"elementor-element elementor-element-dbca57e elementor-widget elementor-widget-spacer\" data-id=\"dbca57e\" data-element_type=\"widget\" data-e-type=\"widget\" data-widget_type=\"spacer.default\">\n\t\t\t\t<div class=\"elementor-widget-container\">\n\t\t\t\t\t\t\t<div class=\"elementor-spacer\">\n\t\t\t<div class=\"elementor-spacer-inner\"><\/div>\n\t\t<\/div>\n\t\t\t\t\t\t<\/div>\n\t\t\t\t<\/div>\n\t\t\t\t<div class=\"elementor-element elementor-element-662db18 elementor-widget elementor-widget-heading\" data-id=\"662db18\" data-element_type=\"widget\" data-e-type=\"widget\" data-widget_type=\"heading.default\">\n\t\t\t\t<div class=\"elementor-widget-container\">\n\t\t\t\t\t<h2 class=\"elementor-heading-title elementor-size-default\">Yolculu\u011funuza Ba\u015flay\u0131n<\/h2>\t\t\t\t<\/div>\n\t\t\t\t<\/div>\n\t\t\t\t<div class=\"elementor-element elementor-element-e811e4a elementor-widget elementor-widget-text-editor\" data-id=\"e811e4a\" data-element_type=\"widget\" data-e-type=\"widget\" data-widget_type=\"text-editor.default\">\n\t\t\t\t<div class=\"elementor-widget-container\">\n\t\t\t\t\t\t\t\t\t<p>Heyecan verici yeni f\u0131rsatlar\u0131 ke\u015ffedin ve kariyer portal\u0131m\u0131zda hangi pozisyonlar\u0131n a\u00e7\u0131k oldu\u011funu g\u00f6r\u00fcn. Bir sonraki ad\u0131m\u0131 at\u0131n ve bizimle nas\u0131l etki yaratabilece\u011finizi ke\u015ffedin.<\/p>\n\t\t\t\t\t\t\t\t<\/div>\n\t\t\t\t<\/div>\n\t\t\t\t<div class=\"elementor-element elementor-element-97d02c3 elementor-widget elementor-widget-spacer\" data-id=\"97d02c3\" data-element_type=\"widget\" data-e-type=\"widget\" data-widget_type=\"spacer.default\">\n\t\t\t\t<div class=\"elementor-widget-container\">\n\t\t\t\t\t\t\t<div class=\"elementor-spacer\">\n\t\t\t<div class=\"elementor-spacer-inner\"><\/div>\n\t\t<\/div>\n\t\t\t\t\t\t<\/div>\n\t\t\t\t<\/div>\n\t\t\t\t\t<\/div>\n\t\t\t\t<\/div>\n\t\t<div class=\"elementor-element elementor-element-7225a0b e-flex e-con-boxed e-con e-parent\" data-id=\"7225a0b\" data-element_type=\"container\" data-e-type=\"container\">\n\t\t\t\t\t<div class=\"e-con-inner\">\n\t\t\t\t<div class=\"elementor-element elementor-element-a918e0c elementor-widget elementor-widget-spacer\" data-id=\"a918e0c\" data-element_type=\"widget\" data-e-type=\"widget\" data-widget_type=\"spacer.default\">\n\t\t\t\t<div class=\"elementor-widget-container\">\n\t\t\t\t\t\t\t<div class=\"elementor-spacer\">\n\t\t\t<div class=\"elementor-spacer-inner\"><\/div>\n\t\t<\/div>\n\t\t\t\t\t\t<\/div>\n\t\t\t\t<\/div>\n\t\t<div class=\"elementor-element elementor-element-0687bdb e-con-full e-flex e-con e-child\" data-id=\"0687bdb\" data-element_type=\"container\" data-e-type=\"container\">\n\t\t\t\t<div class=\"elementor-element elementor-element-0fe0a34 elementor-widget elementor-widget-heading\" data-id=\"0fe0a34\" data-element_type=\"widget\" data-e-type=\"widget\" data-widget_type=\"heading.default\">\n\t\t\t\t<div class=\"elementor-widget-container\">\n\t\t\t\t\t<h5 class=\"elementor-heading-title elementor-size-default\">Becerileriniz ve tutkular\u0131n\u0131zla uyumlu i\u015f f\u0131rsatlar\u0131n\u0131 ke\u015ffedin<\/h5>\t\t\t\t<\/div>\n\t\t\t\t<\/div>\n\t\t\t\t<div class=\"elementor-element elementor-element-a42b655 elementor-align-center elementor-mobile-align-center elementor-widget elementor-widget-button\" data-id=\"a42b655\" data-element_type=\"widget\" data-e-type=\"widget\" data-widget_type=\"button.default\">\n\t\t\t\t<div class=\"elementor-widget-container\">\n\t\t\t\t\t\t\t\t\t<div class=\"elementor-button-wrapper\">\n\t\t\t\t\t<a class=\"elementor-button elementor-button-link elementor-size-sm\" href=\"https:\/\/www.inextract.com\/tr\/ogrenci-mezunlar\/basvuru-formu\/\">\n\t\t\t\t\t\t<span class=\"elementor-button-content-wrapper\">\n\t\t\t\t\t\t<span class=\"elementor-button-icon\">\n\t\t\t\t<svg xmlns=\"http:\/\/www.w3.org\/2000\/svg\" width=\"24\" height=\"24\" viewBox=\"0 0 24 24\" fill=\"none\"><path d=\"M22.0004 16.92V19.92C22.0016 20.1985 21.9445 20.4742 21.8329 20.7293C21.7214 20.9845 21.5577 21.2136 21.3525 21.4019C21.1473 21.5901 20.905 21.7335 20.6412 21.8227C20.3773 21.9119 20.0978 21.9451 19.8204 21.92C16.7433 21.5856 13.7874 20.5341 11.1904 18.85C8.77425 17.3147 6.72576 15.2662 5.19042 12.85C3.5004 10.2412 2.44866 7.27099 2.12042 4.18C2.09543 3.90346 2.1283 3.62476 2.21692 3.36162C2.30555 3.09849 2.44799 2.85669 2.63519 2.65162C2.82238 2.44655 3.05023 2.28271 3.30421 2.17052C3.5582 2.05833 3.83276 2.00026 4.11042 2H7.11042C7.59573 1.99522 8.06621 2.16708 8.43418 2.48353C8.80215 2.79998 9.0425 3.23944 9.11042 3.72C9.23704 4.68006 9.47187 5.62272 9.81042 6.53C9.94497 6.88792 9.97408 7.27691 9.89433 7.65088C9.81457 8.02484 9.62928 8.36811 9.36042 8.64L8.09042 9.91C9.51398 12.4135 11.5869 14.4864 14.0904 15.91L15.3604 14.64C15.6323 14.3711 15.9756 14.1858 16.3495 14.1061C16.7235 14.0263 17.1125 14.0555 17.4704 14.19C18.3777 14.5285 19.3204 14.7634 20.2804 14.89C20.7662 14.9585 21.2098 15.2032 21.527 15.5775C21.8441 15.9518 22.0126 16.4296 22.0004 16.92Z\" stroke=\"white\" stroke-width=\"2\" stroke-linecap=\"round\" stroke-linejoin=\"round\"><\/path><\/svg>\t\t\t<\/span>\n\t\t\t\t\t\t\t\t\t<span class=\"elementor-button-text\">Hemen Ba\u015fla<\/span>\n\t\t\t\t\t<\/span>\n\t\t\t\t\t<\/a>\n\t\t\t\t<\/div>\n\t\t\t\t\t\t\t\t<\/div>\n\t\t\t\t<\/div>\n\t\t\t\t<\/div>\n\t\t\t\t<div class=\"elementor-element elementor-element-b359dc3 elementor-widget elementor-widget-spacer\" data-id=\"b359dc3\" data-element_type=\"widget\" data-e-type=\"widget\" data-widget_type=\"spacer.default\">\n\t\t\t\t<div class=\"elementor-widget-container\">\n\t\t\t\t\t\t\t<div class=\"elementor-spacer\">\n\t\t\t<div class=\"elementor-spacer-inner\"><\/div>\n\t\t<\/div>\n\t\t\t\t\t\t<\/div>\n\t\t\t\t<\/div>\n\t\t\t\t\t<\/div>\n\t\t\t\t<\/div>\n\t\t\t\t<\/div>\n\t\t","protected":false},"excerpt":{"rendered":"","protected":false},"author":1,"featured_media":2199,"parent":0,"menu_order":5,"comment_status":"closed","ping_status":"closed","template":"","meta":{"_acf_changed":false,"footnotes":""},"class_list":["post-2300","page","type-page","status-publish","has-post-thumbnail","hentry"],"acf":[],"_links":{"self":[{"href":"https:\/\/www.inextract.com\/tr\/wp-json\/wp\/v2\/pages\/2300","targetHints":{"allow":["GET"]}}],"collection":[{"href":"https:\/\/www.inextract.com\/tr\/wp-json\/wp\/v2\/pages"}],"about":[{"href":"https:\/\/www.inextract.com\/tr\/wp-json\/wp\/v2\/types\/page"}],"author":[{"embeddable":true,"href":"https:\/\/www.inextract.com\/tr\/wp-json\/wp\/v2\/users\/1"}],"replies":[{"embeddable":true,"href":"https:\/\/www.inextract.com\/tr\/wp-json\/wp\/v2\/comments?post=2300"}],"version-history":[{"count":2,"href":"https:\/\/www.inextract.com\/tr\/wp-json\/wp\/v2\/pages\/2300\/revisions"}],"predecessor-version":[{"id":2310,"href":"https:\/\/www.inextract.com\/tr\/wp-json\/wp\/v2\/pages\/2300\/revisions\/2310"}],"wp:featuredmedia":[{"embeddable":true,"href":"https:\/\/www.inextract.com\/tr\/wp-json\/wp\/v2\/media\/2199"}],"wp:attachment":[{"href":"https:\/\/www.inextract.com\/tr\/wp-json\/wp\/v2\/media?parent=2300"}],"curies":[{"name":"wp","href":"https:\/\/api.w.org\/{rel}","templated":true}]}}