{"id":2329,"date":"2024-08-24T07:49:46","date_gmt":"2024-08-24T07:49:46","guid":{"rendered":"https:\/\/www.rime.com.tr\/davranis-kodu\/"},"modified":"2024-08-26T14:16:53","modified_gmt":"2024-08-26T14:16:53","slug":"davranis-kodu","status":"publish","type":"page","link":"https:\/\/www.inextract.com\/tr\/davranis-kodu\/","title":{"rendered":"Davran\u0131\u015f kodu"},"content":{"rendered":"\t\t<div data-elementor-type=\"wp-page\" data-elementor-id=\"2329\" class=\"elementor elementor-2329 elementor-1624\" data-elementor-post-type=\"page\">\n\t\t\t\t<div class=\"elementor-element elementor-element-c64140c e-flex e-con-boxed e-con e-parent\" data-id=\"c64140c\" data-element_type=\"container\" data-e-type=\"container\">\n\t\t\t\t\t<div class=\"e-con-inner\">\n\t\t\t\t<div class=\"elementor-element elementor-element-58dca74 elementor-widget elementor-widget-spacer\" data-id=\"58dca74\" data-element_type=\"widget\" data-e-type=\"widget\" data-widget_type=\"spacer.default\">\n\t\t\t\t<div class=\"elementor-widget-container\">\n\t\t\t\t\t\t\t<div class=\"elementor-spacer\">\n\t\t\t<div class=\"elementor-spacer-inner\"><\/div>\n\t\t<\/div>\n\t\t\t\t\t\t<\/div>\n\t\t\t\t<\/div>\n\t\t\t\t<div class=\"elementor-element elementor-element-7e89fd8 elementor-widget elementor-widget-spacer\" data-id=\"7e89fd8\" data-element_type=\"widget\" data-e-type=\"widget\" data-widget_type=\"spacer.default\">\n\t\t\t\t<div class=\"elementor-widget-container\">\n\t\t\t\t\t\t\t<div class=\"elementor-spacer\">\n\t\t\t<div class=\"elementor-spacer-inner\"><\/div>\n\t\t<\/div>\n\t\t\t\t\t\t<\/div>\n\t\t\t\t<\/div>\n\t\t\t\t\t<\/div>\n\t\t\t\t<\/div>\n\t\t<div class=\"elementor-element elementor-element-464b4b3 e-flex e-con-boxed e-con e-parent\" data-id=\"464b4b3\" data-element_type=\"container\" data-e-type=\"container\">\n\t\t\t\t\t<div class=\"e-con-inner\">\n\t\t<div class=\"elementor-element elementor-element-08baa88 e-con-full e-flex e-con e-child\" data-id=\"08baa88\" data-element_type=\"container\" data-e-type=\"container\">\n\t\t\t\t<div class=\"elementor-element elementor-element-b68c279 elementor-widget elementor-widget-heading\" data-id=\"b68c279\" data-element_type=\"widget\" data-e-type=\"widget\" data-widget_type=\"heading.default\">\n\t\t\t\t<div class=\"elementor-widget-container\">\n\t\t\t\t\t<h3 class=\"elementor-heading-title elementor-size-default\">ET\u0130K &amp; UYUM<\/h3>\t\t\t\t<\/div>\n\t\t\t\t<\/div>\n\t\t\t\t<\/div>\n\t\t<div class=\"elementor-element elementor-element-df1c852 e-con-full e-flex e-con e-child\" data-id=\"df1c852\" data-element_type=\"container\" data-e-type=\"container\">\n\t\t\t\t<div class=\"elementor-element elementor-element-6c1e1fa elementor-widget elementor-widget-text-editor\" data-id=\"6c1e1fa\" data-element_type=\"widget\" data-e-type=\"widget\" data-widget_type=\"text-editor.default\">\n\t\t\t\t<div class=\"elementor-widget-container\">\n\t\t\t\t\t\t\t\t\t<p>Lorem ipsum dolor sit amet consectetur. Sem sit ornare nisl et id dapibus fermentum orci at. Bir quis id netus eu arcu imperdiet dignissim. Nunc mattis, g\u00fczel bir porta ve g\u00fczel bir kap\u0131ya sahip. Nibh quis facilisi auctor viverra quis tortor laoreet volutpat egestas. Dignissim lacus porttitor maecenas&#8217;\u0131 \u00f6vd\u00fc. Canl\u0131 bir manzaraya sahip olmak i\u00e7in hi\u00e7bir \u015fey yap\u0131lmad\u0131. Imperdiet sollicitudin purus fusce arcu amet iaculis turpis gravida amet. Cursus aliquam varius rhoncus ba\u015fka yerde s\u0131n\u0131fland\u0131r\u0131lmam\u0131\u015f. Mauris mi feugiat nullam volutpat in a netus praesent tellus. Sapien sagittis elit imperdiet sit elit est convallis&#8217;te. Bo\u015f zaman var. Egestas rutrum massa ornare sit enim. Amet luctus mi dolor ut faucibus elementum d\u00f6nemi. Mauris ligula aliquet egestas vel ut in posuere. Ve bu odio diam&#8217;\u0131 olu\u015fturdu. Adipiscing non maecenas enim mattis. Arcu nibh facilisi vitae aliquam aliquet risus Phasellus. Dignissim venenatis pretium varius nunc. Orci volutpat elementumplatea faucibus in scelerisque. Volutpat premium quam lorem pulvinar feugiat turpis id ultrices at. Odio vitae ut turpis leo faucibus enim&#8217;den bir kesit. Quam tamsay\u0131 \u00e7ap ipsum euismod euismod cras ut. Kolayl\u0131k, interdum auctor nisl mi amet posuere amet dui. Ut etiam enim bibendum fermentum adipiscing blandit mauris. Montes porta nullam amet&#8217;te. Dignissim feugiat aliquam pellentesque massa massa felis. Neque id leo pellentesque risus varius vitae aenean. Euismod euismod vel pellentesque sed suspendisse. Etiam lorem tortor malesuada dapibus mauris a nulla. Vestibulum Phasellus Ultrices eu ut velit suscipit tortor nam. Sagittis facilisis nibh imperdiet iaculis accumsan aliquam etiam nibh. Tempor Euismod Lorem&#8217;i d\u00fczenleyin. Sem in sit elit eget rhoncus. Sit odio amet metus viverra penatibus duis faucibus sagittis Phasellus. Sonu\u00e7 olarak Phasellus feugiat faucibus vitae. Ultrices nibh Phasellus purus lorem. Quam amet viverra enim ac fringilla. Et tincidunt lorem condimentum eros tristique et.<\/p>\n\t\t\t\t\t\t\t\t<\/div>\n\t\t\t\t<\/div>\n\t\t\t\t<\/div>\n\t\t\t\t\t<\/div>\n\t\t\t\t<\/div>\n\t\t<div class=\"elementor-element elementor-element-5be9e6c e-flex e-con-boxed e-con e-parent\" data-id=\"5be9e6c\" data-element_type=\"container\" data-e-type=\"container\">\n\t\t\t\t\t<div class=\"e-con-inner\">\n\t\t<div class=\"elementor-element elementor-element-fa0eea9 e-con-full e-flex e-con e-child\" data-id=\"fa0eea9\" data-element_type=\"container\" data-e-type=\"container\">\n\t\t\t\t<div class=\"elementor-element elementor-element-1050c3b elementor-widget elementor-widget-ucaddon_content_accordion\" data-id=\"1050c3b\" data-element_type=\"widget\" data-e-type=\"widget\" data-widget_type=\"ucaddon_content_accordion.default\">\n\t\t\t\t<div class=\"elementor-widget-container\">\n\t\t\t\t\t\n<!-- start Content Accordion -->\n\t\t<link id='font-awesome-css' href='https:\/\/www.inextract.com\/wp-content\/plugins\/unlimited-elements-for-elementor-premium\/assets_libraries\/font-awesome6\/fontawesome-all.min.css' type='text\/css' rel='stylesheet' >\n\t\t<link id='font-awesome-4-shim-css' href='https:\/\/www.inextract.com\/wp-content\/plugins\/unlimited-elements-for-elementor-premium\/assets_libraries\/font-awesome6\/fontawesome-v4-shims.min.css' type='text\/css' rel='stylesheet' >\n\n<style>\/* widget: Content Accordion *\/\n\n\r\n@keyframes uc_content_accordion_elementor_1050c3b__item-animation {\r\n  0% {\r\n            transform:scale(0.9);\r\n        \t        \tfilter: blur(10px);\r\n\t\t\t\r\n    \t    opacity: 0;\r\n  }\r\n  100% {\r\n            transform:scale(1);\r\n        \t            filter: blur(0px);\r\n            \r\n    \t\topacity: 1;\r\n  }\r\n}\r\n\r\n\r\n#uc_content_accordion_elementor_1050c3b .uc_ac_box{\r\n\topacity:0;\r\n}\r\n\r\n\r\n#uc_content_accordion_elementor_1050c3b .uc-entrance-animate {\r\n  opacity:1;\r\n}\r\n\r\n#uc_content_accordion_elementor_1050c3b .uc-entrance-animate {\r\n\tanimation: uc_content_accordion_elementor_1050c3b__item-animation 0.3s cubic-bezier(0.470, 0.000, 0.745, 0.715) both;\r\n}\r\n\r\n\t\t\t\n\n#uc_content_accordion_elementor_1050c3b *{\n  box-sizing: border-box;\n}\n\n#uc_content_accordion_elementor_1050c3b .uc_ac_box\n{\n  overflow:hidden;\n}\n\n#uc_content_accordion_elementor_1050c3b .ue_heading_title\n{\n  margin:0;\n  flex-grow:1;\n  display:flex;\n  flex-direction:row;\n}\n\n#uc_content_accordion_elementor_1050c3b .uc_container .uc-heading\n{\n\tdisplay:flex;\n    align-items:center;\n\toverflow:hidden;\n\tcursor:pointer;\n  \n}\n#uc_content_accordion_elementor_1050c3b .uc_container .uc_content\n{\n    display:none;\n}\n\n#uc_content_accordion_elementor_1050c3b .uc_container .uc-heading span.ue_accordion_icon\n{\n\tdisplay:flex;\n    align-items:center;\n   \tjustify-content:center;\n    flex-grow:0;\n    flex-shrink:0;\n}\n#uc_content_accordion_elementor_1050c3b .uc_ac_box.uc-item-active span.uc_dactive\n{\n\tdisplay:none;\n}\n#uc_content_accordion_elementor_1050c3b .uc_ac_box:not(.uc-item-active) span.uc_active\n{\n\tdisplay:none;\n}\n#uc_content_accordion_elementor_1050c3b span.ue_accordion_icon svg\n{\n  height:1em;\n  width:1em;\n}\n\n#uc_content_accordion_elementor_1050c3b .uc_container .uc_btn {\n\n    text-align: center;\n    display: inline-block;\n    text-decoration: none;\n    transition: ease-in-out all 0.25s;\n}\n\n#uc_content_accordion_elementor_1050c3b .ue-item-image img\n{\n  width:100%;\n  display:block;\n  object-fit:cover;\n}\n\n<\/style>\n\n<div class=\"uc_material_accordion  \"  id=\"uc_content_accordion_elementor_1050c3b\"  data-name=\"\" data-scroll=\"off\" data-offset=\"0\" data-closeothers=\"true\" data-set-hash=\"false\" >\n  <div class=\"uc_container uc-items-wrapper\">\n    \n\n\n<div id=\"#ue-tab1\" class=\"uc_ac_box elementor-repeater-item-ghbls \" style=\"background-color:;\">\n  <a href=\"javascript:void(0)\" class=\"uc-heading uc_trigger\" role=\"button\">\n    <span class=\"uc_dactive bbb ue_accordion_icon\"><i class='feather feather-plus'><\/i><\/span> \n    <span class=\"uc_active bbb ue_accordion_icon\"><i class='feather feather-minus'><\/i><\/span>\n    <div class=\"ue_heading_title\">Ara\u015ft\u0131rma D\u00fcr\u00fcstl\u00fc\u011f\u00fc<\/div>\n  <\/a>\n  \n  <div class=\"uc_content\" >\n        \n      \n         \n                      \n      \n              <div class=\"ue-item-text\"><p>Lorem ipsum dolor sit amet consectetur. Felis a quam feugiat turpis nisi ultrices ultrices ac. Bibendum vitae turpis arcu vitae id elit praesent aliquam et. Nisi massa et sed pellentesque purus viverra hac. Est nulla condimentum pretium iaculis eu pharetra nunc. Tortor interdum blandit urna nunc rhoncus. Dis suscipit consequat in nisl malesuada ornare aliquet commodo viverra.<br \/>\nDolor enim ac viverra volutpat nec morbi feugiat. Molestie tortor urna cum at lorem vitae. Ultricies nisi ut euismod arcu sit eu praesent auctor. Ut ut lorem et dui at platea diam. Bibendum proin mus bibendum sit rhoncus amet. Magna egestas diam non vestibulum volutpat tempus ac vulputate. Diam orci arcu.<\/p>\n<\/div>\n      \n              \n      <\/div> \n<\/div>\n\n\n\n<div id=\"#ue-tab2\" class=\"uc_ac_box elementor-repeater-item-15w76 \" style=\"background-color:;\">\n  <a href=\"javascript:void(0)\" class=\"uc-heading uc_trigger\" role=\"button\">\n    <span class=\"uc_dactive bbb ue_accordion_icon\"><i class='feather feather-plus'><\/i><\/span> \n    <span class=\"uc_active bbb ue_accordion_icon\"><i class='feather feather-minus'><\/i><\/span>\n    <div class=\"ue_heading_title\">Gizlilik ve Ki\u015fisel Verilerin Korunmas\u0131<\/div>\n  <\/a>\n  \n  <div class=\"uc_content\" >\n        \n      \n         \n                      \n      \n              <div class=\"ue-item-text\"><p>Lorem ipsum dolor sit amet consectetur. Felis a quam feugiat turpis nisi ultrices ultrices ac. Bibendum vitae turpis arcu vitae id elit praesent aliquam et. Nisi massa et sed pellentesque purus viverra hac. Est nulla condimentum pretium iaculis eu pharetra nunc. Tortor interdum blandit urna nunc rhoncus. Dis suscipit consequat in nisl malesuada ornare aliquet commodo viverra.<br \/>\nDolor enim ac viverra volutpat nec morbi feugiat. Molestie tortor urna cum at lorem vitae. Ultricies nisi ut euismod arcu sit eu praesent auctor. Ut ut lorem et dui at platea diam. Bibendum proin mus bibendum sit rhoncus amet. Magna egestas diam non vestibulum volutpat tempus ac vulputate. Diam orci arcu.<\/p>\n<\/div>\n      \n              \n      <\/div> \n<\/div>\n\n\n\n<div id=\"#ue-tab3\" class=\"uc_ac_box elementor-repeater-item-ifjjw \" style=\"background-color:;\">\n  <a href=\"javascript:void(0)\" class=\"uc-heading uc_trigger\" role=\"button\">\n    <span class=\"uc_dactive bbb ue_accordion_icon\"><i class='feather feather-plus'><\/i><\/span> \n    <span class=\"uc_active bbb ue_accordion_icon\"><i class='feather feather-minus'><\/i><\/span>\n    <div class=\"ue_heading_title\">Sorumlu \u0130leti\u015fim<\/div>\n  <\/a>\n  \n  <div class=\"uc_content\" >\n        \n      \n         \n                      \n      \n              <div class=\"ue-item-text\"><p>Lorem ipsum dolor sit amet consectetur. Felis a quam feugiat turpis nisi ultrices ultrices ac. Bibendum vitae turpis arcu vitae id elit praesent aliquam et. Nisi massa et sed pellentesque purus viverra hac. Est nulla condimentum pretium iaculis eu pharetra nunc. Tortor interdum blandit urna nunc rhoncus. Dis suscipit consequat in nisl malesuada ornare aliquet commodo viverra.<br \/>\nDolor enim ac viverra volutpat nec morbi feugiat. Molestie tortor urna cum at lorem vitae. Ultricies nisi ut euismod arcu sit eu praesent auctor. Ut ut lorem et dui at platea diam. Bibendum proin mus bibendum sit rhoncus amet. Magna egestas diam non vestibulum volutpat tempus ac vulputate. Diam orci arcu.<\/p>\n<\/div>\n      \n              \n      <\/div> \n<\/div>\n\n\n\n<div id=\"#ue-tab4\" class=\"uc_ac_box elementor-repeater-item-vowk5 \" style=\"background-color:;\">\n  <a href=\"javascript:void(0)\" class=\"uc-heading uc_trigger\" role=\"button\">\n    <span class=\"uc_dactive bbb ue_accordion_icon\"><i class='feather feather-plus'><\/i><\/span> \n    <span class=\"uc_active bbb ue_accordion_icon\"><i class='feather feather-minus'><\/i><\/span>\n    <div class=\"ue_heading_title\">Sosyal Sorumluluklar\u0131 Desteklemek<\/div>\n  <\/a>\n  \n  <div class=\"uc_content\" >\n        \n      \n         \n                      \n      \n              <div class=\"ue-item-text\"><p>Lorem ipsum dolor sit amet consectetur. Felis a quam feugiat turpis nisi ultrices ultrices ac. Bibendum vitae turpis arcu vitae id elit praesent aliquam et. Nisi massa et sed pellentesque purus viverra hac. Est nulla condimentum pretium iaculis eu pharetra nunc. Tortor interdum blandit urna nunc rhoncus. Dis suscipit consequat in nisl malesuada ornare aliquet commodo viverra.<br \/>\nDolor enim ac viverra volutpat nec morbi feugiat. Molestie tortor urna cum at lorem vitae. Ultricies nisi ut euismod arcu sit eu praesent auctor. Ut ut lorem et dui at platea diam. Bibendum proin mus bibendum sit rhoncus amet. Magna egestas diam non vestibulum volutpat tempus ac vulputate. Diam orci arcu.<\/p>\n<\/div>\n      \n              \n      <\/div> \n<\/div>\n\n\n\n<div id=\"#ue-tab5\" class=\"uc_ac_box elementor-repeater-item-1397v \" style=\"background-color:;\">\n  <a href=\"javascript:void(0)\" class=\"uc-heading uc_trigger\" role=\"button\">\n    <span class=\"uc_dactive bbb ue_accordion_icon\"><i class='feather feather-plus'><\/i><\/span> \n    <span class=\"uc_active bbb ue_accordion_icon\"><i class='feather feather-minus'><\/i><\/span>\n    <div class=\"ue_heading_title\">De\u011ferlerimiz: Yenilik ve Bilimsel M\u00fckemmellik<\/div>\n  <\/a>\n  \n  <div class=\"uc_content\" >\n        \n      \n         \n                      \n      \n              <div class=\"ue-item-text\"><p>Lorem ipsum dolor sit amet consectetur. Felis a quam feugiat turpis nisi ultrices ultrices ac. Bibendum vitae turpis arcu vitae id elit praesent aliquam et. Nisi massa et sed pellentesque purus viverra hac. Est nulla condimentum pretium iaculis eu pharetra nunc. Tortor interdum blandit urna nunc rhoncus. Dis suscipit consequat in nisl malesuada ornare aliquet commodo viverra.<br \/>\nDolor enim ac viverra volutpat nec morbi feugiat. Molestie tortor urna cum at lorem vitae. Ultricies nisi ut euismod arcu sit eu praesent auctor. Ut ut lorem et dui at platea diam. Bibendum proin mus bibendum sit rhoncus amet. Magna egestas diam non vestibulum volutpat tempus ac vulputate. Diam orci arcu.<\/p>\n<\/div>\n      \n              \n      <\/div> \n<\/div>\n\n  <\/div>\n<\/div>\n\n\n<!-- end Content Accordion -->\t\t\t\t<\/div>\n\t\t\t\t<\/div>\n\t\t\t\t<\/div>\n\t\t<div class=\"elementor-element elementor-element-0679d54 e-con-full e-flex e-con e-child\" data-id=\"0679d54\" data-element_type=\"container\" data-e-type=\"container\">\n\t\t\t\t<div class=\"elementor-element elementor-element-d7c4d10 elementor-widget elementor-widget-image\" data-id=\"d7c4d10\" data-element_type=\"widget\" data-e-type=\"widget\" data-widget_type=\"image.default\">\n\t\t\t\t<div class=\"elementor-widget-container\">\n\t\t\t\t\t\t\t\t\t\t\t\t\t\t\t<img fetchpriority=\"high\" decoding=\"async\" width=\"1160\" height=\"1400\" src=\"https:\/\/www.inextract.com\/wp-content\/uploads\/2024\/08\/2149510717-1.png\" class=\"attachment-full size-full wp-image-2265\" alt=\"\" srcset=\"https:\/\/www.inextract.com\/wp-content\/uploads\/2024\/08\/2149510717-1.png 1160w, https:\/\/www.inextract.com\/wp-content\/uploads\/2024\/08\/2149510717-1-249x300.png 249w, https:\/\/www.inextract.com\/wp-content\/uploads\/2024\/08\/2149510717-1-848x1024.png 848w, https:\/\/www.inextract.com\/wp-content\/uploads\/2024\/08\/2149510717-1-768x927.png 768w\" sizes=\"(max-width: 1160px) 100vw, 1160px\" \/>\t\t\t\t\t\t\t\t\t\t\t\t\t\t\t<\/div>\n\t\t\t\t<\/div>\n\t\t\t\t<\/div>\n\t\t\t\t\t<\/div>\n\t\t\t\t<\/div>\n\t\t\t\t<\/div>\n\t\t","protected":false},"excerpt":{"rendered":"","protected":false},"author":1,"featured_media":0,"parent":0,"menu_order":14,"comment_status":"closed","ping_status":"closed","template":"","meta":{"_acf_changed":false,"footnotes":""},"class_list":["post-2329","page","type-page","status-publish","hentry"],"acf":[],"_links":{"self":[{"href":"https:\/\/www.inextract.com\/tr\/wp-json\/wp\/v2\/pages\/2329","targetHints":{"allow":["GET"]}}],"collection":[{"href":"https:\/\/www.inextract.com\/tr\/wp-json\/wp\/v2\/pages"}],"about":[{"href":"https:\/\/www.inextract.com\/tr\/wp-json\/wp\/v2\/types\/page"}],"author":[{"embeddable":true,"href":"https:\/\/www.inextract.com\/tr\/wp-json\/wp\/v2\/users\/1"}],"replies":[{"embeddable":true,"href":"https:\/\/www.inextract.com\/tr\/wp-json\/wp\/v2\/comments?post=2329"}],"version-history":[{"count":3,"href":"https:\/\/www.inextract.com\/tr\/wp-json\/wp\/v2\/pages\/2329\/revisions"}],"predecessor-version":[{"id":2373,"href":"https:\/\/www.inextract.com\/tr\/wp-json\/wp\/v2\/pages\/2329\/revisions\/2373"}],"wp:attachment":[{"href":"https:\/\/www.inextract.com\/tr\/wp-json\/wp\/v2\/media?parent=2329"}],"curies":[{"name":"wp","href":"https:\/\/api.w.org\/{rel}","templated":true}]}}