{"id":2331,"date":"2024-08-24T07:49:56","date_gmt":"2024-08-24T07:49:56","guid":{"rendered":"https:\/\/www.rime.com.tr\/ortakliklar\/"},"modified":"2024-08-26T14:21:13","modified_gmt":"2024-08-26T14:21:13","slug":"ortakliklar","status":"publish","type":"page","link":"https:\/\/www.inextract.com\/tr\/ortakliklar\/","title":{"rendered":"Ortakl\u0131klar"},"content":{"rendered":"\t\t<div data-elementor-type=\"wp-page\" data-elementor-id=\"2331\" class=\"elementor elementor-2331 elementor-1626\" data-elementor-post-type=\"page\">\n\t\t\t\t<div class=\"elementor-element elementor-element-d26f750 e-flex e-con-boxed e-con e-parent\" data-id=\"d26f750\" data-element_type=\"container\" data-e-type=\"container\">\n\t\t\t\t\t<div class=\"e-con-inner\">\n\t\t\t\t<div class=\"elementor-element elementor-element-90e08ea elementor-widget elementor-widget-spacer\" data-id=\"90e08ea\" data-element_type=\"widget\" data-e-type=\"widget\" data-widget_type=\"spacer.default\">\n\t\t\t\t<div class=\"elementor-widget-container\">\n\t\t\t\t\t\t\t<div class=\"elementor-spacer\">\n\t\t\t<div class=\"elementor-spacer-inner\"><\/div>\n\t\t<\/div>\n\t\t\t\t\t\t<\/div>\n\t\t\t\t<\/div>\n\t\t\t\t<div class=\"elementor-element elementor-element-7e6bd26 elementor-widget elementor-widget-spacer\" data-id=\"7e6bd26\" data-element_type=\"widget\" data-e-type=\"widget\" data-widget_type=\"spacer.default\">\n\t\t\t\t<div class=\"elementor-widget-container\">\n\t\t\t\t\t\t\t<div class=\"elementor-spacer\">\n\t\t\t<div class=\"elementor-spacer-inner\"><\/div>\n\t\t<\/div>\n\t\t\t\t\t\t<\/div>\n\t\t\t\t<\/div>\n\t\t\t\t\t<\/div>\n\t\t\t\t<\/div>\n\t\t<div class=\"elementor-element elementor-element-eef5532 e-flex e-con-boxed e-con e-parent\" data-id=\"eef5532\" data-element_type=\"container\" data-e-type=\"container\">\n\t\t\t\t\t<div class=\"e-con-inner\">\n\t\t<div class=\"elementor-element elementor-element-f7d4866 e-con-full e-flex e-con e-child\" data-id=\"f7d4866\" data-element_type=\"container\" data-e-type=\"container\" data-settings=\"{&quot;background_background&quot;:&quot;classic&quot;}\">\n\t\t\t\t<div class=\"elementor-element elementor-element-2f2f926 elementor-widget elementor-widget-heading\" data-id=\"2f2f926\" data-element_type=\"widget\" data-e-type=\"widget\" data-widget_type=\"heading.default\">\n\t\t\t\t<div class=\"elementor-widget-container\">\n\t\t\t\t\t<p class=\"elementor-heading-title elementor-size-default\">bizimle ortak olun<\/p>\t\t\t\t<\/div>\n\t\t\t\t<\/div>\n\t\t\t\t<div class=\"elementor-element elementor-element-891f9ca elementor-widget__width-initial elementor-widget elementor-widget-heading\" data-id=\"891f9ca\" data-element_type=\"widget\" data-e-type=\"widget\" data-widget_type=\"heading.default\">\n\t\t\t\t<div class=\"elementor-widget-container\">\n\t\t\t\t\t<p class=\"elementor-heading-title elementor-size-default\">Daha iyi bir yar\u0131n i\u00e7in birlikte yenilik yapal\u0131m<\/p>\t\t\t\t<\/div>\n\t\t\t\t<\/div>\n\t\t\t\t<\/div>\n\t\t\t\t\t<\/div>\n\t\t\t\t<\/div>\n\t\t<div class=\"elementor-element elementor-element-bcf3934 e-flex e-con-boxed e-con e-parent\" data-id=\"bcf3934\" data-element_type=\"container\" data-e-type=\"container\">\n\t\t\t\t\t<div class=\"e-con-inner\">\n\t\t\t\t<div class=\"elementor-element elementor-element-7abf3c5 elementor-widget elementor-widget-spacer\" data-id=\"7abf3c5\" data-element_type=\"widget\" data-e-type=\"widget\" data-widget_type=\"spacer.default\">\n\t\t\t\t<div class=\"elementor-widget-container\">\n\t\t\t\t\t\t\t<div class=\"elementor-spacer\">\n\t\t\t<div class=\"elementor-spacer-inner\"><\/div>\n\t\t<\/div>\n\t\t\t\t\t\t<\/div>\n\t\t\t\t<\/div>\n\t\t\t\t<div class=\"elementor-element elementor-element-3acbd93 elementor-widget elementor-widget-text-editor\" data-id=\"3acbd93\" data-element_type=\"widget\" data-e-type=\"widget\" data-widget_type=\"text-editor.default\">\n\t\t\t\t<div class=\"elementor-widget-container\">\n\t\t\t\t\t\t\t\t\t<p>INEXTRACT&#8217;ta, i\u015f birli\u011finin inovasyonun anahtar\u0131 oldu\u011funa inan\u0131yoruz. Ekibimizden veya d\u0131\u015f ortaklar\u0131m\u0131zdan gelsin, her zaman yeni fikirler ve yenilik\u00e7i teknolojiler ar\u0131yoruz. G\u00fc\u00e7lerimizi birle\u015ftirerek \u00e7\u0131\u011f\u0131r a\u00e7an konseptleri ger\u00e7e\u011fe d\u00f6n\u00fc\u015ft\u00fcrebilir ve y\u00fcksek kaliteli, s\u00fcrd\u00fcr\u00fclebilir \u00e7\u00f6z\u00fcmler yaratabiliriz. Beslenmenin gelece\u011fi \u00fczerinde olumlu bir etki yaratmak i\u00e7in birlikte nas\u0131l \u00e7al\u0131\u015fabilece\u011fimizi ke\u015ffedelim. INEXTRACT&#8217;ta, birka\u00e7 belirli alanda ortakl\u0131klar hedefliyoruz. \u0130\u015f birli\u011fi i\u00e7in temel odak noktalar\u0131m\u0131z\u0131 \u00f6\u011frenmek i\u00e7in a\u015fa\u011f\u0131daki listeyi kontrol edin.<\/p>\n\t\t\t\t\t\t\t\t<\/div>\n\t\t\t\t<\/div>\n\t\t\t\t<div class=\"elementor-element elementor-element-6604d92 elementor-widget elementor-widget-spacer\" data-id=\"6604d92\" data-element_type=\"widget\" data-e-type=\"widget\" data-widget_type=\"spacer.default\">\n\t\t\t\t<div class=\"elementor-widget-container\">\n\t\t\t\t\t\t\t<div class=\"elementor-spacer\">\n\t\t\t<div class=\"elementor-spacer-inner\"><\/div>\n\t\t<\/div>\n\t\t\t\t\t\t<\/div>\n\t\t\t\t<\/div>\n\t\t\t\t\t<\/div>\n\t\t\t\t<\/div>\n\t\t<div class=\"elementor-element elementor-element-bdff5ff e-flex e-con-boxed e-con e-parent\" data-id=\"bdff5ff\" data-element_type=\"container\" data-e-type=\"container\">\n\t\t\t\t\t<div class=\"e-con-inner\">\n\t\t\t\t<div class=\"elementor-element elementor-element-06dfde5 elementor-widget elementor-widget-spacer\" data-id=\"06dfde5\" data-element_type=\"widget\" data-e-type=\"widget\" data-widget_type=\"spacer.default\">\n\t\t\t\t<div class=\"elementor-widget-container\">\n\t\t\t\t\t\t\t<div class=\"elementor-spacer\">\n\t\t\t<div class=\"elementor-spacer-inner\"><\/div>\n\t\t<\/div>\n\t\t\t\t\t\t<\/div>\n\t\t\t\t<\/div>\n\t\t\t\t<div class=\"elementor-element elementor-element-0049bbf elementor-widget elementor-widget-heading\" data-id=\"0049bbf\" data-element_type=\"widget\" data-e-type=\"widget\" data-widget_type=\"heading.default\">\n\t\t\t\t<div class=\"elementor-widget-container\">\n\t\t\t\t\t<h3 class=\"elementor-heading-title elementor-size-default\">Temel Bilimsel Odak Alanlar\u0131<\/h3>\t\t\t\t<\/div>\n\t\t\t\t<\/div>\n\t\t\t\t<div class=\"elementor-element elementor-element-8a083c2 elementor-widget elementor-widget-ucaddon_content_accordion\" data-id=\"8a083c2\" data-element_type=\"widget\" data-e-type=\"widget\" data-widget_type=\"ucaddon_content_accordion.default\">\n\t\t\t\t<div class=\"elementor-widget-container\">\n\t\t\t\t\t\n<!-- start Content Accordion -->\n\t\t<link id='font-awesome-css' href='https:\/\/www.inextract.com\/wp-content\/plugins\/unlimited-elements-for-elementor-premium\/assets_libraries\/font-awesome6\/fontawesome-all.min.css' type='text\/css' rel='stylesheet' >\n\t\t<link id='font-awesome-4-shim-css' href='https:\/\/www.inextract.com\/wp-content\/plugins\/unlimited-elements-for-elementor-premium\/assets_libraries\/font-awesome6\/fontawesome-v4-shims.min.css' type='text\/css' rel='stylesheet' >\n\n<style>\/* widget: Content Accordion *\/\n\n\r\n@keyframes uc_content_accordion_elementor_8a083c2__item-animation {\r\n  0% {\r\n            transform:scale(0.9);\r\n        \t        \tfilter: blur(10px);\r\n\t\t\t\r\n    \t    opacity: 0;\r\n  }\r\n  100% {\r\n            transform:scale(1);\r\n        \t            filter: blur(0px);\r\n            \r\n    \t\topacity: 1;\r\n  }\r\n}\r\n\r\n\r\n#uc_content_accordion_elementor_8a083c2 .uc_ac_box{\r\n\topacity:0;\r\n}\r\n\r\n\r\n#uc_content_accordion_elementor_8a083c2 .uc-entrance-animate {\r\n  opacity:1;\r\n}\r\n\r\n#uc_content_accordion_elementor_8a083c2 .uc-entrance-animate {\r\n\tanimation: uc_content_accordion_elementor_8a083c2__item-animation 0.3s cubic-bezier(0.470, 0.000, 0.745, 0.715) both;\r\n}\r\n\r\n\t\t\t\n\n#uc_content_accordion_elementor_8a083c2 *{\n  box-sizing: border-box;\n}\n\n#uc_content_accordion_elementor_8a083c2 .uc_ac_box\n{\n  overflow:hidden;\n}\n\n#uc_content_accordion_elementor_8a083c2 .ue_heading_title\n{\n  margin:0;\n  flex-grow:1;\n  display:flex;\n  flex-direction:row;\n}\n\n#uc_content_accordion_elementor_8a083c2 .uc_container .uc-heading\n{\n\tdisplay:flex;\n    align-items:center;\n\toverflow:hidden;\n\tcursor:pointer;\n  \n}\n#uc_content_accordion_elementor_8a083c2 .uc_container .uc_content\n{\n    display:none;\n}\n\n#uc_content_accordion_elementor_8a083c2 .uc_container .uc-heading span.ue_accordion_icon\n{\n\tdisplay:flex;\n    align-items:center;\n   \tjustify-content:center;\n    flex-grow:0;\n    flex-shrink:0;\n}\n#uc_content_accordion_elementor_8a083c2 .uc_ac_box.uc-item-active span.uc_dactive\n{\n\tdisplay:none;\n}\n#uc_content_accordion_elementor_8a083c2 .uc_ac_box:not(.uc-item-active) span.uc_active\n{\n\tdisplay:none;\n}\n#uc_content_accordion_elementor_8a083c2 span.ue_accordion_icon svg\n{\n  height:1em;\n  width:1em;\n}\n\n#uc_content_accordion_elementor_8a083c2 .uc_container .uc_btn {\n\n    text-align: center;\n    display: inline-block;\n    text-decoration: none;\n    transition: ease-in-out all 0.25s;\n}\n\n#uc_content_accordion_elementor_8a083c2 .ue-item-image img\n{\n  width:100%;\n  display:block;\n  object-fit:cover;\n}\n\n<\/style>\n\n<div class=\"uc_material_accordion  \"  id=\"uc_content_accordion_elementor_8a083c2\"  data-name=\"\" data-scroll=\"off\" data-offset=\"0\" data-closeothers=\"true\" data-set-hash=\"false\" >\n  <div class=\"uc_container uc-items-wrapper\">\n    \n\n\n<div id=\"#ue-tab1\" class=\"uc_ac_box elementor-repeater-item-gjuad \" style=\"background-color:;\">\n  <a href=\"javascript:void(0)\" class=\"uc-heading uc_trigger\" role=\"button\">\n    <span class=\"uc_dactive bbb ue_accordion_icon\"><i class='feather feather-plus'><\/i><\/span> \n    <span class=\"uc_active bbb ue_accordion_icon\"><i class='feather feather-minus'><\/i><\/span>\n    <div class=\"ue_heading_title\">Biyoteknoloji<\/div>\n  <\/a>\n  \n  <div class=\"uc_content\" >\n        \n      \n         \n                      \n      \n              <div class=\"ue-item-text\"><p>Lorem ipsum dolor sit amet consectetur. Felis a quam feugiat turpis nisi ultrices ultrices ac. Bibendum vitae turpis arcu vitae id elit praesent aliquam et. Nisi massa et sed pellentesque purus viverra hac. Est nulla condimentum pretium iaculis eu pharetra nunc. Tortor interdum blandit urna nunc rhoncus. Dis suscipit consequat in nisl malesuada ornare aliquet commodo viverra.<br \/>\nDolor enim ac viverra volutpat nec morbi feugiat. Molestie tortor urna cum at lorem vitae. Ultricies nisi ut euismod arcu sit eu praesent auctor. Ut ut lorem et dui at platea diam. Bibendum proin mus bibendum sit rhoncus amet. Magna egestas diam non vestibulum volutpat tempus ac vulputate. Diam orci arcu.<\/p>\n<\/div>\n      \n              \n      <\/div> \n<\/div>\n\n\n\n<div id=\"#ue-tab2\" class=\"uc_ac_box elementor-repeater-item-bztdi \" style=\"background-color:;\">\n  <a href=\"javascript:void(0)\" class=\"uc-heading uc_trigger\" role=\"button\">\n    <span class=\"uc_dactive bbb ue_accordion_icon\"><i class='feather feather-plus'><\/i><\/span> \n    <span class=\"uc_active bbb ue_accordion_icon\"><i class='feather feather-minus'><\/i><\/span>\n    <div class=\"ue_heading_title\">G\u0131da Bilimi<\/div>\n  <\/a>\n  \n  <div class=\"uc_content\" >\n        \n      \n         \n                      \n      \n              <div class=\"ue-item-text\"><p>Lorem ipsum dolor sit amet consectetur. Felis a quam feugiat turpis nisi ultrices ultrices ac. Bibendum vitae turpis arcu vitae id elit praesent aliquam et. Nisi massa et sed pellentesque purus viverra hac. Est nulla condimentum pretium iaculis eu pharetra nunc. Tortor interdum blandit urna nunc rhoncus. Dis suscipit consequat in nisl malesuada ornare aliquet commodo viverra.<br \/>\nDolor enim ac viverra volutpat nec morbi feugiat. Molestie tortor urna cum at lorem vitae. Ultricies nisi ut euismod arcu sit eu praesent auctor. Ut ut lorem et dui at platea diam. Bibendum proin mus bibendum sit rhoncus amet. Magna egestas diam non vestibulum volutpat tempus ac vulputate. Diam orci arcu.<\/p>\n<\/div>\n      \n              \n      <\/div> \n<\/div>\n\n\n\n<div id=\"#ue-tab3\" class=\"uc_ac_box elementor-repeater-item-vm5ys \" style=\"background-color:;\">\n  <a href=\"javascript:void(0)\" class=\"uc-heading uc_trigger\" role=\"button\">\n    <span class=\"uc_dactive bbb ue_accordion_icon\"><i class='feather feather-plus'><\/i><\/span> \n    <span class=\"uc_active bbb ue_accordion_icon\"><i class='feather feather-minus'><\/i><\/span>\n    <div class=\"ue_heading_title\">Kimya<\/div>\n  <\/a>\n  \n  <div class=\"uc_content\" >\n        \n      \n         \n                      \n      \n              <div class=\"ue-item-text\"><p>Lorem ipsum dolor sit amet consectetur. Felis a quam feugiat turpis nisi ultrices ultrices ac. Bibendum vitae turpis arcu vitae id elit praesent aliquam et. Nisi massa et sed pellentesque purus viverra hac. Est nulla condimentum pretium iaculis eu pharetra nunc. Tortor interdum blandit urna nunc rhoncus. Dis suscipit consequat in nisl malesuada ornare aliquet commodo viverra.<br \/>\nDolor enim ac viverra volutpat nec morbi feugiat. Molestie tortor urna cum at lorem vitae. Ultricies nisi ut euismod arcu sit eu praesent auctor. Ut ut lorem et dui at platea diam. Bibendum proin mus bibendum sit rhoncus amet. Magna egestas diam non vestibulum volutpat tempus ac vulputate. Diam orci arcu.<\/p>\n<\/div>\n      \n              \n      <\/div> \n<\/div>\n\n\n\n<div id=\"#ue-tab4\" class=\"uc_ac_box elementor-repeater-item-w53jq \" style=\"background-color:;\">\n  <a href=\"javascript:void(0)\" class=\"uc-heading uc_trigger\" role=\"button\">\n    <span class=\"uc_dactive bbb ue_accordion_icon\"><i class='feather feather-plus'><\/i><\/span> \n    <span class=\"uc_active bbb ue_accordion_icon\"><i class='feather feather-minus'><\/i><\/span>\n    <div class=\"ue_heading_title\">Beslenme<\/div>\n  <\/a>\n  \n  <div class=\"uc_content\" >\n        \n      \n         \n                      \n      \n              <div class=\"ue-item-text\"><p>Lorem ipsum dolor sit amet consectetur. Felis a quam feugiat turpis nisi ultrices ultrices ac. Bibendum vitae turpis arcu vitae id elit praesent aliquam et. Nisi massa et sed pellentesque purus viverra hac. Est nulla condimentum pretium iaculis eu pharetra nunc. Tortor interdum blandit urna nunc rhoncus. Dis suscipit consequat in nisl malesuada ornare aliquet commodo viverra.<br \/>\nDolor enim ac viverra volutpat nec morbi feugiat. Molestie tortor urna cum at lorem vitae. Ultricies nisi ut euismod arcu sit eu praesent auctor. Ut ut lorem et dui at platea diam. Bibendum proin mus bibendum sit rhoncus amet. Magna egestas diam non vestibulum volutpat tempus ac vulputate. Diam orci arcu.<\/p>\n<\/div>\n      \n              \n      <\/div> \n<\/div>\n\n\n\n<div id=\"#ue-tab5\" class=\"uc_ac_box elementor-repeater-item-q13c2 \" style=\"background-color:;\">\n  <a href=\"javascript:void(0)\" class=\"uc-heading uc_trigger\" role=\"button\">\n    <span class=\"uc_dactive bbb ue_accordion_icon\"><i class='feather feather-plus'><\/i><\/span> \n    <span class=\"uc_active bbb ue_accordion_icon\"><i class='feather feather-minus'><\/i><\/span>\n    <div class=\"ue_heading_title\">Tar\u0131m<\/div>\n  <\/a>\n  \n  <div class=\"uc_content\" >\n        \n      \n         \n                      \n      \n              <div class=\"ue-item-text\"><p>Lorem ipsum dolor sit amet consectetur. Felis a quam feugiat turpis nisi ultrices ultrices ac. Bibendum vitae turpis arcu vitae id elit praesent aliquam et. Nisi massa et sed pellentesque purus viverra hac. Est nulla condimentum pretium iaculis eu pharetra nunc. Tortor interdum blandit urna nunc rhoncus. Dis suscipit consequat in nisl malesuada ornare aliquet commodo viverra.<br \/>\nDolor enim ac viverra volutpat nec morbi feugiat. Molestie tortor urna cum at lorem vitae. Ultricies nisi ut euismod arcu sit eu praesent auctor. Ut ut lorem et dui at platea diam. Bibendum proin mus bibendum sit rhoncus amet. Magna egestas diam non vestibulum volutpat tempus ac vulputate. Diam orci arcu.<\/p>\n<\/div>\n      \n              \n      <\/div> \n<\/div>\n\n  <\/div>\n<\/div>\n\n\n<!-- end Content Accordion -->\t\t\t\t<\/div>\n\t\t\t\t<\/div>\n\t\t\t\t<div class=\"elementor-element elementor-element-bfc854b elementor-widget elementor-widget-spacer\" data-id=\"bfc854b\" data-element_type=\"widget\" data-e-type=\"widget\" data-widget_type=\"spacer.default\">\n\t\t\t\t<div class=\"elementor-widget-container\">\n\t\t\t\t\t\t\t<div class=\"elementor-spacer\">\n\t\t\t<div class=\"elementor-spacer-inner\"><\/div>\n\t\t<\/div>\n\t\t\t\t\t\t<\/div>\n\t\t\t\t<\/div>\n\t\t\t\t\t<\/div>\n\t\t\t\t<\/div>\n\t\t<div class=\"elementor-element elementor-element-e003d60 e-flex e-con-boxed e-con e-parent\" data-id=\"e003d60\" data-element_type=\"container\" data-e-type=\"container\">\n\t\t\t\t\t<div class=\"e-con-inner\">\n\t\t<div class=\"elementor-element elementor-element-2e743e7 e-con-full e-flex e-con e-child\" data-id=\"2e743e7\" data-element_type=\"container\" data-e-type=\"container\">\n\t\t\t\t<div class=\"elementor-element elementor-element-47fc4f0 elementor-widget elementor-widget-heading\" data-id=\"47fc4f0\" data-element_type=\"widget\" data-e-type=\"widget\" data-widget_type=\"heading.default\">\n\t\t\t\t<div class=\"elementor-widget-container\">\n\t\t\t\t\t<p class=\"elementor-heading-title elementor-size-default\">\u00c7\u0131kar\u0131lan ortakl\u0131klar<\/p>\t\t\t\t<\/div>\n\t\t\t\t<\/div>\n\t\t\t\t<div class=\"elementor-element elementor-element-b6a1c15 elementor-widget-divider--view-line elementor-widget elementor-widget-divider\" data-id=\"b6a1c15\" data-element_type=\"widget\" data-e-type=\"widget\" data-widget_type=\"divider.default\">\n\t\t\t\t<div class=\"elementor-widget-container\">\n\t\t\t\t\t\t\t<div class=\"elementor-divider\">\n\t\t\t<span class=\"elementor-divider-separator\">\n\t\t\t\t\t\t<\/span>\n\t\t<\/div>\n\t\t\t\t\t\t<\/div>\n\t\t\t\t<\/div>\n\t\t\t\t<div class=\"elementor-element elementor-element-064e58c elementor-widget elementor-widget-button\" data-id=\"064e58c\" data-element_type=\"widget\" data-e-type=\"widget\" data-widget_type=\"button.default\">\n\t\t\t\t<div class=\"elementor-widget-container\">\n\t\t\t\t\t\t\t\t\t<div class=\"elementor-button-wrapper\">\n\t\t\t\t\t<a class=\"elementor-button elementor-button-link elementor-size-sm\" href=\"https:\/\/www.inextract.com\/tr\/ortakliklar\/bize-ulasin\/\">\n\t\t\t\t\t\t<span class=\"elementor-button-content-wrapper\">\n\t\t\t\t\t\t<span class=\"elementor-button-icon\">\n\t\t\t\t<i aria-hidden=\"true\" class=\"feather feather-arrow-up-right\"><\/i>\t\t\t<\/span>\n\t\t\t\t\t\t\t\t\t<span class=\"elementor-button-text\">F\u0131rsatlar\u0131n\u0131z\u0131 G\u00f6nderin<\/span>\n\t\t\t\t\t<\/span>\n\t\t\t\t\t<\/a>\n\t\t\t\t<\/div>\n\t\t\t\t\t\t\t\t<\/div>\n\t\t\t\t<\/div>\n\t\t\t\t<\/div>\n\t\t<div class=\"elementor-element elementor-element-61550f5 e-con-full e-flex e-con e-child\" data-id=\"61550f5\" data-element_type=\"container\" data-e-type=\"container\">\n\t\t\t\t<div class=\"elementor-element elementor-element-ef6b1e1 elementor-widget elementor-widget-image\" data-id=\"ef6b1e1\" data-element_type=\"widget\" data-e-type=\"widget\" data-widget_type=\"image.default\">\n\t\t\t\t<div class=\"elementor-widget-container\">\n\t\t\t\t\t\t\t\t\t\t\t\t\t\t\t<img fetchpriority=\"high\" decoding=\"async\" width=\"1160\" height=\"1312\" src=\"https:\/\/www.inextract.com\/wp-content\/uploads\/2024\/08\/Frame-71.webp\" class=\"attachment-full size-full wp-image-2198\" alt=\"\" srcset=\"https:\/\/www.inextract.com\/wp-content\/uploads\/2024\/08\/Frame-71.webp 1160w, https:\/\/www.inextract.com\/wp-content\/uploads\/2024\/08\/Frame-71-265x300.webp 265w, https:\/\/www.inextract.com\/wp-content\/uploads\/2024\/08\/Frame-71-905x1024.webp 905w, https:\/\/www.inextract.com\/wp-content\/uploads\/2024\/08\/Frame-71-768x869.webp 768w\" sizes=\"(max-width: 1160px) 100vw, 1160px\" \/>\t\t\t\t\t\t\t\t\t\t\t\t\t\t\t<\/div>\n\t\t\t\t<\/div>\n\t\t\t\t<\/div>\n\t\t\t\t\t<\/div>\n\t\t\t\t<\/div>\n\t\t\t\t<\/div>\n\t\t","protected":false},"excerpt":{"rendered":"","protected":false},"author":1,"featured_media":0,"parent":0,"menu_order":15,"comment_status":"closed","ping_status":"closed","template":"","meta":{"_acf_changed":false,"footnotes":""},"class_list":["post-2331","page","type-page","status-publish","hentry"],"acf":[],"_links":{"self":[{"href":"https:\/\/www.inextract.com\/tr\/wp-json\/wp\/v2\/pages\/2331","targetHints":{"allow":["GET"]}}],"collection":[{"href":"https:\/\/www.inextract.com\/tr\/wp-json\/wp\/v2\/pages"}],"about":[{"href":"https:\/\/www.inextract.com\/tr\/wp-json\/wp\/v2\/types\/page"}],"author":[{"embeddable":true,"href":"https:\/\/www.inextract.com\/tr\/wp-json\/wp\/v2\/users\/1"}],"replies":[{"embeddable":true,"href":"https:\/\/www.inextract.com\/tr\/wp-json\/wp\/v2\/comments?post=2331"}],"version-history":[{"count":5,"href":"https:\/\/www.inextract.com\/tr\/wp-json\/wp\/v2\/pages\/2331\/revisions"}],"predecessor-version":[{"id":2378,"href":"https:\/\/www.inextract.com\/tr\/wp-json\/wp\/v2\/pages\/2331\/revisions\/2378"}],"wp:attachment":[{"href":"https:\/\/www.inextract.com\/tr\/wp-json\/wp\/v2\/media?parent=2331"}],"curies":[{"name":"wp","href":"https:\/\/api.w.org\/{rel}","templated":true}]}}