{"id":2335,"date":"2024-08-24T09:53:24","date_gmt":"2024-08-24T09:53:24","guid":{"rendered":"https:\/\/www.rime.com.tr\/odak-alanlari\/"},"modified":"2024-08-26T14:26:08","modified_gmt":"2024-08-26T14:26:08","slug":"odak-alanlari","status":"publish","type":"page","link":"https:\/\/www.inextract.com\/tr\/odak-alanlari\/","title":{"rendered":"Odak Alanlar\u0131"},"content":{"rendered":"\t\t<div data-elementor-type=\"wp-page\" data-elementor-id=\"2335\" class=\"elementor elementor-2335 elementor-1807\" data-elementor-post-type=\"page\">\n\t\t\t\t<div class=\"elementor-element elementor-element-4dcc0f9 e-flex e-con-boxed e-con e-parent\" data-id=\"4dcc0f9\" data-element_type=\"container\" data-e-type=\"container\">\n\t\t\t\t\t<div class=\"e-con-inner\">\n\t\t\t\t<div class=\"elementor-element elementor-element-b1c8828 elementor-widget elementor-widget-spacer\" data-id=\"b1c8828\" data-element_type=\"widget\" data-e-type=\"widget\" data-widget_type=\"spacer.default\">\n\t\t\t\t<div class=\"elementor-widget-container\">\n\t\t\t\t\t\t\t<div class=\"elementor-spacer\">\n\t\t\t<div class=\"elementor-spacer-inner\"><\/div>\n\t\t<\/div>\n\t\t\t\t\t\t<\/div>\n\t\t\t\t<\/div>\n\t\t\t\t<div class=\"elementor-element elementor-element-5711a95 elementor-widget elementor-widget-heading\" data-id=\"5711a95\" data-element_type=\"widget\" data-e-type=\"widget\" data-widget_type=\"heading.default\">\n\t\t\t\t<div class=\"elementor-widget-container\">\n\t\t\t\t\t<h1 class=\"elementor-heading-title elementor-size-default\">\u0130lgi Alanlar\u0131<\/h1>\t\t\t\t<\/div>\n\t\t\t\t<\/div>\n\t\t\t\t<div class=\"elementor-element elementor-element-b7d0f2a elementor-widget elementor-widget-spacer\" data-id=\"b7d0f2a\" data-element_type=\"widget\" data-e-type=\"widget\" data-widget_type=\"spacer.default\">\n\t\t\t\t<div class=\"elementor-widget-container\">\n\t\t\t\t\t\t\t<div class=\"elementor-spacer\">\n\t\t\t<div class=\"elementor-spacer-inner\"><\/div>\n\t\t<\/div>\n\t\t\t\t\t\t<\/div>\n\t\t\t\t<\/div>\n\t\t\t\t\t<\/div>\n\t\t\t\t<\/div>\n\t\t<div class=\"elementor-element elementor-element-af4b362 e-flex e-con-boxed e-con e-parent\" data-id=\"af4b362\" data-element_type=\"container\" data-e-type=\"container\">\n\t\t\t\t\t<div class=\"e-con-inner\">\n\t\t<div class=\"elementor-element elementor-element-9605066 e-con-full e-flex e-con e-child\" data-id=\"9605066\" data-element_type=\"container\" data-e-type=\"container\" data-settings=\"{&quot;background_background&quot;:&quot;classic&quot;}\">\n\t\t\t\t<\/div>\n\t\t\t\t\t<\/div>\n\t\t\t\t<\/div>\n\t\t<div class=\"elementor-element elementor-element-b76f217 e-flex e-con-boxed e-con e-parent\" data-id=\"b76f217\" data-element_type=\"container\" data-e-type=\"container\">\n\t\t\t\t\t<div class=\"e-con-inner\">\n\t\t\t\t<div class=\"elementor-element elementor-element-836bcf0 elementor-widget elementor-widget-spacer\" data-id=\"836bcf0\" data-element_type=\"widget\" data-e-type=\"widget\" data-widget_type=\"spacer.default\">\n\t\t\t\t<div class=\"elementor-widget-container\">\n\t\t\t\t\t\t\t<div class=\"elementor-spacer\">\n\t\t\t<div class=\"elementor-spacer-inner\"><\/div>\n\t\t<\/div>\n\t\t\t\t\t\t<\/div>\n\t\t\t\t<\/div>\n\t\t\t\t<div class=\"elementor-element elementor-element-2cf8f63 elementor-widget elementor-widget-heading\" data-id=\"2cf8f63\" data-element_type=\"widget\" data-e-type=\"widget\" data-widget_type=\"heading.default\">\n\t\t\t\t<div class=\"elementor-widget-container\">\n\t\t\t\t\t<h2 class=\"elementor-heading-title elementor-size-default\">\u0130lgi Alanlar\u0131<\/h2>\t\t\t\t<\/div>\n\t\t\t\t<\/div>\n\t\t\t\t<div class=\"elementor-element elementor-element-5dde09e elementor-widget elementor-widget-text-editor\" data-id=\"5dde09e\" data-element_type=\"widget\" data-e-type=\"widget\" data-widget_type=\"text-editor.default\">\n\t\t\t\t<div class=\"elementor-widget-container\">\n\t\t\t\t\t\t\t\t\t<p>Ara\u015ft\u0131rma ve geli\u015ftirme \u00e7abalar\u0131m\u0131z insan sa\u011fl\u0131\u011f\u0131n\u0131 ve refah\u0131n\u0131 iyile\u015ftirmeyi ama\u00e7layan birka\u00e7 temel alana odaklanmaktad\u0131r. De\u011ferli bile\u015fikleri nas\u0131l elde etti\u011fimizi iyile\u015ftirmek i\u00e7in biyoteknolojide yenilik yap\u0131yor, daha y\u00fcksek verim ve safl\u0131k sa\u011flarken ayn\u0131 zamanda \u00e7evre dostu oluyoruz. G\u0131da bilimi ve \u00fcr\u00fcn geli\u015ftirme yoluyla, en y\u00fcksek kalite standartlar\u0131n\u0131 kar\u015f\u0131layan besin takviyeleri ve fonksiyonel g\u0131dalar yarat\u0131yoruz.<\/p>\n\t\t\t\t\t\t\t\t<\/div>\n\t\t\t\t<\/div>\n\t\t\t\t<div class=\"elementor-element elementor-element-d312f74 elementor-widget elementor-widget-spacer\" data-id=\"d312f74\" data-element_type=\"widget\" data-e-type=\"widget\" data-widget_type=\"spacer.default\">\n\t\t\t\t<div class=\"elementor-widget-container\">\n\t\t\t\t\t\t\t<div class=\"elementor-spacer\">\n\t\t\t<div class=\"elementor-spacer-inner\"><\/div>\n\t\t<\/div>\n\t\t\t\t\t\t<\/div>\n\t\t\t\t<\/div>\n\t\t\t\t\t<\/div>\n\t\t\t\t<\/div>\n\t\t<div class=\"elementor-element elementor-element-539dee3 e-flex e-con-boxed e-con e-parent\" data-id=\"539dee3\" data-element_type=\"container\" data-e-type=\"container\">\n\t\t\t\t\t<div class=\"e-con-inner\">\n\t\t\t\t<div class=\"elementor-element elementor-element-b7dac75 elementor-widget elementor-widget-spacer\" data-id=\"b7dac75\" data-element_type=\"widget\" data-e-type=\"widget\" data-widget_type=\"spacer.default\">\n\t\t\t\t<div class=\"elementor-widget-container\">\n\t\t\t\t\t\t\t<div class=\"elementor-spacer\">\n\t\t\t<div class=\"elementor-spacer-inner\"><\/div>\n\t\t<\/div>\n\t\t\t\t\t\t<\/div>\n\t\t\t\t<\/div>\n\t\t\t\t<div class=\"elementor-element elementor-element-1b7b65f elementor-widget elementor-widget-heading\" data-id=\"1b7b65f\" data-element_type=\"widget\" data-e-type=\"widget\" data-widget_type=\"heading.default\">\n\t\t\t\t<div class=\"elementor-widget-container\">\n\t\t\t\t\t<h3 class=\"elementor-heading-title elementor-size-default\">ANA ODAK ALANLARIMIZ<\/h3>\t\t\t\t<\/div>\n\t\t\t\t<\/div>\n\t\t<div class=\"elementor-element elementor-element-adecec0 e-con-full e-flex e-con e-child\" data-id=\"adecec0\" data-element_type=\"container\" data-e-type=\"container\">\n\t\t\t\t<div class=\"elementor-element elementor-element-99f11d5 elementor-widget elementor-widget-ucaddon_content_grid_custom\" data-id=\"99f11d5\" data-element_type=\"widget\" data-e-type=\"widget\" data-widget_type=\"ucaddon_content_grid_custom.default\">\n\t\t\t\t<div class=\"elementor-widget-container\">\n\t\t\t\t\t\n<!-- start Content Grid Custom -->\n\t\t<link id='font-awesome-css' href='https:\/\/www.inextract.com\/wp-content\/plugins\/unlimited-elements-for-elementor-premium\/assets_libraries\/font-awesome6\/fontawesome-all.min.css' type='text\/css' rel='stylesheet' >\n\t\t<link id='font-awesome-4-shim-css' href='https:\/\/www.inextract.com\/wp-content\/plugins\/unlimited-elements-for-elementor-premium\/assets_libraries\/font-awesome6\/fontawesome-v4-shims.min.css' type='text\/css' rel='stylesheet' >\n\t\t<link id='fancybox-css' href='https:\/\/www.inextract.com\/wp-content\/plugins\/unlimited-elements-for-elementor-premium\/assets_libraries\/fancybox3\/jquery.fancybox.min.css' type='text\/css' rel='stylesheet' >\n\n<style>\/* widget: Content Grid Custom *\/\n\n\n\n#uc_content_grid_custom_elementor_99f11d5 * {\n\tbox-sizing: border-box;\t\n}\n.custom-button {\n    position: absolute;\n    right: 15px;\n    bottom: 165px;\n    z-index: 100 !important;\n}\n.uc_post_image{\nborder-radius: 30px;\n}\n#uc_content_grid_custom_elementor_99f11d5 .uc_post_grid_style_one_wrap {\n\tdisplay: grid;\n}\n\n#uc_content_grid_custom_elementor_99f11d5 .uc_post_grid_style_one_image {\n\twidth: 100%;\n\toverflow: hidden;\n\tdisplay: block;\n  \t\n}\n#uc_content_grid_custom_elementor_99f11d5 .uc_post_image {\n\twidth: inherit;\n\theight: inherit;\n\tbackground-position: center center;\n\tbackground-repeat: no-repeat;\n\tdisplay: block;\n\ttransition: all 0.25s ease-in-out;\n}\n\n#uc_content_grid_custom_elementor_99f11d5 .ue-image-holder a\n{\n  display:block;\n}\n\n#uc_content_grid_custom_elementor_99f11d5 .ue-item\n{\n  position:relative;\n  overflow:hidden;\n}\n\n#uc_content_grid_custom_elementor_99f11d5 .ue-item-title\n{\n  width:100%;\n}\n\n#uc_content_grid_custom_elementor_99f11d5 .ue-item-text\n{\n  width:100%;\n}\n\n#uc_content_grid_custom_elementor_99f11d5 .uc_content\n{\n  display:flex;\n  flex-direction:column;\n}\n\n#uc_content_grid_custom_elementor_99f11d5 .ue-content-wrapper\n{\n  width:100%;\n}\n\n#uc_content_grid_custom_elementor_99f11d5 .ue-button\n{\n  margin-top:auto;\n}\n\n#uc_content_grid_custom_elementor_99f11d5 .ue-button\n{\n  width:100%;\n}\n#uc_content_grid_custom_elementor_99f11d5 a.uc_more_btn{\n    align-items: center;\n    justify-content: center;\n\ttext-align: center;\n\ttransition: all 0.25s ease-in-out;\n}\n#uc_content_grid_custom_elementor_99f11d5 a.uc_more_btn svg{\n   width:1em;\n   height:1em;\n}\n\n\n\n\n\n\n\n\n#uc_content_grid_custom_elementor_99f11d5.uc-remote-parent .ue-item\n{\n  cursor:pointer;\n}\n\n<\/style>\n\n<div class=\"uc_post_grid_style_one   \" id=\"uc_content_grid_custom_elementor_99f11d5\"   data-lightbox=\"false\">\n\t\t<div class=\"uc_post_grid_style_one_wrap uc-items-wrapper\">\n\t\t\t\n<div class=\"uc_post_grid_style_one_item ue-item\">\n    \n      <div class=\"uc_post_grid_style_one_image ue-image-holder\">\n                    <a class=\"uc_post_grid_style_one-link\" href=\"https:\/\/www.inextract.com\/tr\/biyoteknoloji\/\" >\n                      \n    <div aria-role=\"img\" aria-label=\"Rectangle 10\"  class=\"uc_post_image\" style=\"background-image: url(https:\/\/www.inextract.com\/wp-content\/uploads\/2024\/08\/Rectangle-10.png);\"><\/div>\n    <\/a>    <\/div>\n    <div class=\"custom-button\">\n                \t<div class=\"uc_post_grid_style_one_button ue-button\">\n                      <a class=\"uc_more_btn \" \n                href=\"https:\/\/www.inextract.com\/tr\/biyoteknoloji\/\"               > <i class='feather feather-arrow-up-right'><\/i>            <\/a>\n              \t<\/div>\n                <\/div>\n  <div class=\"uc_content padding\">\n    <div class=\"ue-content-wrapper\">\n      \n                      \t<div class=\"ue-item-title\">Biyoteknoloji<\/div>\n                    \n      <div class=\"ue-item-text\">Do\u011fan\u0131n tar\u0131msal \u00fcr\u00fcnlerden de\u011ferli bile\u015fikleri \u00e7\u0131karma potansiyelini kullanma.<\/div>      \n            \n    <\/div>\n    \n    \n  <\/div>\n<\/div>\n\n<div class=\"uc_post_grid_style_one_item ue-item\">\n    \n      <div class=\"uc_post_grid_style_one_image ue-image-holder\">\n                    <a class=\"uc_post_grid_style_one-link\" href=\"https:\/\/www.inextract.com\/tr\/gida-bilimi\/\" >\n                      \n    <div aria-role=\"img\" aria-label=\"Rectangle 11\"  class=\"uc_post_image\" style=\"background-image: url(https:\/\/www.inextract.com\/wp-content\/uploads\/2024\/08\/Rectangle-11.png);\"><\/div>\n    <\/a>    <\/div>\n    <div class=\"custom-button\">\n                \t<div class=\"uc_post_grid_style_one_button ue-button\">\n                      <a class=\"uc_more_btn \" \n                href=\"https:\/\/www.inextract.com\/tr\/gida-bilimi\/\"               > <i class='feather feather-arrow-up-right'><\/i>            <\/a>\n              \t<\/div>\n                <\/div>\n  <div class=\"uc_content padding\">\n    <div class=\"ue-content-wrapper\">\n      \n                      \t<div class=\"ue-item-title\">G\u0131da Bilimi<\/div>\n                    \n      <div class=\"ue-item-text\">Temel beslenmenin \u00f6tesinde ek sa\u011fl\u0131k yararlar\u0131 sunan yiyecekler yaratma.<\/div>      \n            \n    <\/div>\n    \n    \n  <\/div>\n<\/div>\n\n<div class=\"uc_post_grid_style_one_item ue-item\">\n    \n      <div class=\"uc_post_grid_style_one_image ue-image-holder\">\n                    <a class=\"uc_post_grid_style_one-link\" href=\"https:\/\/www.inextract.com\/tr\/kimya\/\" >\n                      \n    <div aria-role=\"img\" aria-label=\"Rectangle 12\"  class=\"uc_post_image\" style=\"background-image: url(https:\/\/www.inextract.com\/wp-content\/uploads\/2024\/08\/Rectangle-12.png);\"><\/div>\n    <\/a>    <\/div>\n    <div class=\"custom-button\">\n                \t<div class=\"uc_post_grid_style_one_button ue-button\">\n                      <a class=\"uc_more_btn \" \n                href=\"https:\/\/www.inextract.com\/tr\/kimya\/\"               > <i class='feather feather-arrow-up-right'><\/i>            <\/a>\n              \t<\/div>\n                <\/div>\n  <div class=\"uc_content padding\">\n    <div class=\"ue-content-wrapper\">\n      \n                      \t<div class=\"ue-item-title\">Kimya<\/div>\n                    \n      <div class=\"ue-item-text\">S\u00fcrd\u00fcr\u00fclebilir ve \u00e7evre dostu \u00e7\u0131karma tekniklerini uygulama.<\/div>      \n            \n    <\/div>\n    \n    \n  <\/div>\n<\/div>\n\n<div class=\"uc_post_grid_style_one_item ue-item\">\n    \n      <div class=\"uc_post_grid_style_one_image ue-image-holder\">\n                    <a class=\"uc_post_grid_style_one-link\" href=\"https:\/\/www.inextract.com\/tr\/beslenme\/\" >\n                      \n    <div aria-role=\"img\" aria-label=\"Rectangle 13\"  class=\"uc_post_image\" style=\"background-image: url(https:\/\/www.inextract.com\/wp-content\/uploads\/2024\/08\/Rectangle-13.png);\"><\/div>\n    <\/a>    <\/div>\n    <div class=\"custom-button\">\n                \t<div class=\"uc_post_grid_style_one_button ue-button\">\n                      <a class=\"uc_more_btn \" \n                href=\"https:\/\/www.inextract.com\/tr\/beslenme\/\"               > <i class='feather feather-arrow-up-right'><\/i>            <\/a>\n              \t<\/div>\n                <\/div>\n  <div class=\"uc_content padding\">\n    <div class=\"ue-content-wrapper\">\n      \n                      \t<div class=\"ue-item-title\">Beslenme<\/div>\n                    \n      <div class=\"ue-item-text\">Sa\u011fl\u0131k ve refah\u0131 desteklemek i\u00e7in \u00fcr\u00fcnler ara\u015ft\u0131rma ve geli\u015ftirme.<\/div>      \n            \n    <\/div>\n    \n    \n  <\/div>\n<\/div>\n\n<div class=\"uc_post_grid_style_one_item ue-item\">\n    \n      <div class=\"uc_post_grid_style_one_image ue-image-holder\">\n                    <a class=\"uc_post_grid_style_one-link\" href=\"https:\/\/www.inextract.com\/tr\/tarim\/\" >\n                      \n    <div aria-role=\"img\" aria-label=\"Rectangle 14\"  class=\"uc_post_image\" style=\"background-image: url(https:\/\/www.inextract.com\/wp-content\/uploads\/2024\/08\/Rectangle-14.png);\"><\/div>\n    <\/a>    <\/div>\n    <div class=\"custom-button\">\n                \t<div class=\"uc_post_grid_style_one_button ue-button\">\n                      <a class=\"uc_more_btn \" \n                href=\"https:\/\/www.inextract.com\/tr\/tarim\/\"               > <i class='feather feather-arrow-up-right'><\/i>            <\/a>\n              \t<\/div>\n                <\/div>\n  <div class=\"uc_content padding\">\n    <div class=\"ue-content-wrapper\">\n      \n                      \t<div class=\"ue-item-title\">Tar\u0131m<\/div>\n                    \n      <div class=\"ue-item-text\">Tar\u0131msal at\u0131klar\u0131 diyet lifleri ve u\u00e7ucu ya\u011flar gibi de\u011ferli \u00fcr\u00fcnlere d\u00f6n\u00fc\u015ft\u00fcrme.<\/div>      \n            \n    <\/div>\n    \n    \n  <\/div>\n<\/div>\n\n\t\t<\/div>\n\t<\/div>\n<!-- end Content Grid Custom -->\t\t\t\t<\/div>\n\t\t\t\t<\/div>\n\t\t\t\t<\/div>\n\t\t\t\t<div class=\"elementor-element elementor-element-f44c0d7 elementor-widget elementor-widget-spacer\" data-id=\"f44c0d7\" data-element_type=\"widget\" data-e-type=\"widget\" data-widget_type=\"spacer.default\">\n\t\t\t\t<div class=\"elementor-widget-container\">\n\t\t\t\t\t\t\t<div class=\"elementor-spacer\">\n\t\t\t<div class=\"elementor-spacer-inner\"><\/div>\n\t\t<\/div>\n\t\t\t\t\t\t<\/div>\n\t\t\t\t<\/div>\n\t\t\t\t\t<\/div>\n\t\t\t\t<\/div>\n\t\t\t\t<\/div>\n\t\t","protected":false},"excerpt":{"rendered":"","protected":false},"author":1,"featured_media":2205,"parent":0,"menu_order":16,"comment_status":"closed","ping_status":"closed","template":"","meta":{"_acf_changed":false,"footnotes":""},"class_list":["post-2335","page","type-page","status-publish","has-post-thumbnail","hentry"],"acf":[],"_links":{"self":[{"href":"https:\/\/www.inextract.com\/tr\/wp-json\/wp\/v2\/pages\/2335","targetHints":{"allow":["GET"]}}],"collection":[{"href":"https:\/\/www.inextract.com\/tr\/wp-json\/wp\/v2\/pages"}],"about":[{"href":"https:\/\/www.inextract.com\/tr\/wp-json\/wp\/v2\/types\/page"}],"author":[{"embeddable":true,"href":"https:\/\/www.inextract.com\/tr\/wp-json\/wp\/v2\/users\/1"}],"replies":[{"embeddable":true,"href":"https:\/\/www.inextract.com\/tr\/wp-json\/wp\/v2\/comments?post=2335"}],"version-history":[{"count":4,"href":"https:\/\/www.inextract.com\/tr\/wp-json\/wp\/v2\/pages\/2335\/revisions"}],"predecessor-version":[{"id":2382,"href":"https:\/\/www.inextract.com\/tr\/wp-json\/wp\/v2\/pages\/2335\/revisions\/2382"}],"wp:featuredmedia":[{"embeddable":true,"href":"https:\/\/www.inextract.com\/tr\/wp-json\/wp\/v2\/media\/2205"}],"wp:attachment":[{"href":"https:\/\/www.inextract.com\/tr\/wp-json\/wp\/v2\/media?parent=2335"}],"curies":[{"name":"wp","href":"https:\/\/api.w.org\/{rel}","templated":true}]}}