{"id":2337,"date":"2024-08-24T10:03:10","date_gmt":"2024-08-24T10:03:10","guid":{"rendered":"https:\/\/www.rime.com.tr\/teknolojilerimiz\/"},"modified":"2024-08-26T14:27:28","modified_gmt":"2024-08-26T14:27:28","slug":"teknolojilerimiz","status":"publish","type":"page","link":"https:\/\/www.inextract.com\/tr\/teknolojilerimiz\/","title":{"rendered":"Teknolojilerimiz"},"content":{"rendered":"\t\t<div data-elementor-type=\"wp-page\" data-elementor-id=\"2337\" class=\"elementor elementor-2337 elementor-1818\" data-elementor-post-type=\"page\">\n\t\t\t\t<div class=\"elementor-element elementor-element-758c960 e-flex e-con-boxed e-con e-parent\" data-id=\"758c960\" data-element_type=\"container\" data-e-type=\"container\">\n\t\t\t\t\t<div class=\"e-con-inner\">\n\t\t\t\t<div class=\"elementor-element elementor-element-0ce5a73 elementor-widget elementor-widget-spacer\" data-id=\"0ce5a73\" data-element_type=\"widget\" data-e-type=\"widget\" data-widget_type=\"spacer.default\">\n\t\t\t\t<div class=\"elementor-widget-container\">\n\t\t\t\t\t\t\t<div class=\"elementor-spacer\">\n\t\t\t<div class=\"elementor-spacer-inner\"><\/div>\n\t\t<\/div>\n\t\t\t\t\t\t<\/div>\n\t\t\t\t<\/div>\n\t\t\t\t<div class=\"elementor-element elementor-element-abd3d96 elementor-widget elementor-widget-spacer\" data-id=\"abd3d96\" data-element_type=\"widget\" data-e-type=\"widget\" data-widget_type=\"spacer.default\">\n\t\t\t\t<div class=\"elementor-widget-container\">\n\t\t\t\t\t\t\t<div class=\"elementor-spacer\">\n\t\t\t<div class=\"elementor-spacer-inner\"><\/div>\n\t\t<\/div>\n\t\t\t\t\t\t<\/div>\n\t\t\t\t<\/div>\n\t\t\t\t\t<\/div>\n\t\t\t\t<\/div>\n\t\t<div class=\"elementor-element elementor-element-c40950d e-flex e-con-boxed e-con e-parent\" data-id=\"c40950d\" data-element_type=\"container\" data-e-type=\"container\">\n\t\t\t\t\t<div class=\"e-con-inner\">\n\t\t<div class=\"elementor-element elementor-element-6e0f113 e-con-full e-flex e-con e-child\" data-id=\"6e0f113\" data-element_type=\"container\" data-e-type=\"container\">\n\t\t\t\t<div class=\"elementor-element elementor-element-55a2f7f elementor-widget elementor-widget-image\" data-id=\"55a2f7f\" data-element_type=\"widget\" data-e-type=\"widget\" data-widget_type=\"image.default\">\n\t\t\t\t<div class=\"elementor-widget-container\">\n\t\t\t\t\t\t\t\t\t\t\t\t\t\t\t<img fetchpriority=\"high\" decoding=\"async\" width=\"800\" height=\"528\" src=\"https:\/\/www.inextract.com\/wp-content\/uploads\/2024\/08\/out-solution-grid-image-1-1024x676.webp\" class=\"attachment-large size-large wp-image-2177\" alt=\"\" srcset=\"https:\/\/www.inextract.com\/wp-content\/uploads\/2024\/08\/out-solution-grid-image-1-1024x676.webp 1024w, https:\/\/www.inextract.com\/wp-content\/uploads\/2024\/08\/out-solution-grid-image-1-300x198.webp 300w, https:\/\/www.inextract.com\/wp-content\/uploads\/2024\/08\/out-solution-grid-image-1-768x507.webp 768w, https:\/\/www.inextract.com\/wp-content\/uploads\/2024\/08\/out-solution-grid-image-1.webp 1288w\" sizes=\"(max-width: 800px) 100vw, 800px\" \/>\t\t\t\t\t\t\t\t\t\t\t\t\t\t\t<\/div>\n\t\t\t\t<\/div>\n\t\t\t\t<\/div>\n\t\t<div class=\"elementor-element elementor-element-25a12c3 e-con-full e-flex e-con e-child\" data-id=\"25a12c3\" data-element_type=\"container\" data-e-type=\"container\">\n\t\t\t\t<div class=\"elementor-element elementor-element-3636808 elementor-widget elementor-widget-heading\" data-id=\"3636808\" data-element_type=\"widget\" data-e-type=\"widget\" data-widget_type=\"heading.default\">\n\t\t\t\t<div class=\"elementor-widget-container\">\n\t\t\t\t\t<h3 class=\"elementor-heading-title elementor-size-default\">Membran Teknolojileri<\/h3>\t\t\t\t<\/div>\n\t\t\t\t<\/div>\n\t\t\t\t<div class=\"elementor-element elementor-element-5af29c9 elementor-widget elementor-widget-text-editor\" data-id=\"5af29c9\" data-element_type=\"widget\" data-e-type=\"widget\" data-widget_type=\"text-editor.default\">\n\t\t\t\t<div class=\"elementor-widget-container\">\n\t\t\t\t\t\t\t\t\t<p><strong>Ultrafiltrasyon ve Nanofiltrasyon:<\/strong> Bu teknikleri bitki \u00f6zlerinden b\u00fcy\u00fck molek\u00fclleri ve \u00e7\u00f6z\u00fcnmeyen par\u00e7ac\u0131klar\u0131 ay\u0131rmak i\u00e7in kullan\u0131r\u0131z. Bu, bitki proteinlerini ve saf diyet liflerini yo\u011funla\u015ft\u0131rmam\u0131za yard\u0131mc\u0131 olur. Bu y\u00f6ntemlerle daha temiz ve daha etkili olan y\u00fcksek kaliteli diyet lifleri elde edebiliriz.<\/p>\n\t\t\t\t\t\t\t\t<\/div>\n\t\t\t\t<\/div>\n\t\t\t\t<\/div>\n\t\t\t\t\t<\/div>\n\t\t\t\t<\/div>\n\t\t<div class=\"elementor-element elementor-element-690a3b7 e-flex e-con-boxed e-con e-parent\" data-id=\"690a3b7\" data-element_type=\"container\" data-e-type=\"container\">\n\t\t\t\t\t<div class=\"e-con-inner\">\n\t\t<div class=\"elementor-element elementor-element-d2a9195 e-con-full e-flex e-con e-child\" data-id=\"d2a9195\" data-element_type=\"container\" data-e-type=\"container\">\n\t\t\t\t<div class=\"elementor-element elementor-element-e255eeb elementor-widget elementor-widget-heading\" data-id=\"e255eeb\" data-element_type=\"widget\" data-e-type=\"widget\" data-widget_type=\"heading.default\">\n\t\t\t\t<div class=\"elementor-widget-container\">\n\t\t\t\t\t<h3 class=\"elementor-heading-title elementor-size-default\">Mikrokaps\u00fclleme Teknikleri<\/h3>\t\t\t\t<\/div>\n\t\t\t\t<\/div>\n\t\t\t\t<div class=\"elementor-element elementor-element-f1c6298 elementor-widget elementor-widget-text-editor\" data-id=\"f1c6298\" data-element_type=\"widget\" data-e-type=\"widget\" data-widget_type=\"text-editor.default\">\n\t\t\t\t<div class=\"elementor-widget-container\">\n\t\t\t\t\t\t\t\t\t<p>Mikrokaps\u00fclleme teknolojisini kullanarak, biyoaktif bile\u015fikleri minik kaps\u00fcllere yerle\u015ftiriyoruz. Bu i\u015flem, aktif bile\u015fenleri korur ve onlar\u0131 daha kararl\u0131 ve kullan\u0131m\u0131 daha kolay hale getirir. Sonu\u00e7 olarak, \u00fcr\u00fcnlerimiz faydalar\u0131n\u0131 daha etkili bir \u015fekilde sunabilir ve daha uzun s\u00fcre etkili kalabilir.<\/p>\n\t\t\t\t\t\t\t\t<\/div>\n\t\t\t\t<\/div>\n\t\t\t\t<\/div>\n\t\t<div class=\"elementor-element elementor-element-2586402 e-con-full e-flex e-con e-child\" data-id=\"2586402\" data-element_type=\"container\" data-e-type=\"container\">\n\t\t\t\t<div class=\"elementor-element elementor-element-d613506 elementor-widget elementor-widget-image\" data-id=\"d613506\" data-element_type=\"widget\" data-e-type=\"widget\" data-widget_type=\"image.default\">\n\t\t\t\t<div class=\"elementor-widget-container\">\n\t\t\t\t\t\t\t\t\t\t\t\t\t\t\t<img decoding=\"async\" width=\"800\" height=\"528\" src=\"https:\/\/www.inextract.com\/wp-content\/uploads\/2024\/08\/out-solution-grid-image-2-1024x676.webp\" class=\"attachment-large size-large wp-image-2178\" alt=\"\" srcset=\"https:\/\/www.inextract.com\/wp-content\/uploads\/2024\/08\/out-solution-grid-image-2-1024x676.webp 1024w, https:\/\/www.inextract.com\/wp-content\/uploads\/2024\/08\/out-solution-grid-image-2-300x198.webp 300w, https:\/\/www.inextract.com\/wp-content\/uploads\/2024\/08\/out-solution-grid-image-2-768x507.webp 768w, https:\/\/www.inextract.com\/wp-content\/uploads\/2024\/08\/out-solution-grid-image-2.webp 1288w\" sizes=\"(max-width: 800px) 100vw, 800px\" \/>\t\t\t\t\t\t\t\t\t\t\t\t\t\t\t<\/div>\n\t\t\t\t<\/div>\n\t\t\t\t<\/div>\n\t\t\t\t\t<\/div>\n\t\t\t\t<\/div>\n\t\t<div class=\"elementor-element elementor-element-4fd83bc e-flex e-con-boxed e-con e-parent\" data-id=\"4fd83bc\" data-element_type=\"container\" data-e-type=\"container\">\n\t\t\t\t\t<div class=\"e-con-inner\">\n\t\t<div class=\"elementor-element elementor-element-31b9616 e-con-full e-flex e-con e-child\" data-id=\"31b9616\" data-element_type=\"container\" data-e-type=\"container\">\n\t\t\t\t<div class=\"elementor-element elementor-element-3085709 elementor-widget elementor-widget-image\" data-id=\"3085709\" data-element_type=\"widget\" data-e-type=\"widget\" data-widget_type=\"image.default\">\n\t\t\t\t<div class=\"elementor-widget-container\">\n\t\t\t\t\t\t\t\t\t\t\t\t\t\t\t<img decoding=\"async\" width=\"800\" height=\"528\" src=\"https:\/\/www.inextract.com\/wp-content\/uploads\/2024\/08\/out-solution-grid-image-3-1024x676.webp\" class=\"attachment-large size-large wp-image-2179\" alt=\"\" srcset=\"https:\/\/www.inextract.com\/wp-content\/uploads\/2024\/08\/out-solution-grid-image-3-1024x676.webp 1024w, https:\/\/www.inextract.com\/wp-content\/uploads\/2024\/08\/out-solution-grid-image-3-300x198.webp 300w, https:\/\/www.inextract.com\/wp-content\/uploads\/2024\/08\/out-solution-grid-image-3-768x507.webp 768w, https:\/\/www.inextract.com\/wp-content\/uploads\/2024\/08\/out-solution-grid-image-3.webp 1288w\" sizes=\"(max-width: 800px) 100vw, 800px\" \/>\t\t\t\t\t\t\t\t\t\t\t\t\t\t\t<\/div>\n\t\t\t\t<\/div>\n\t\t\t\t<\/div>\n\t\t<div class=\"elementor-element elementor-element-361d4a6 e-con-full e-flex e-con e-child\" data-id=\"361d4a6\" data-element_type=\"container\" data-e-type=\"container\">\n\t\t\t\t<div class=\"elementor-element elementor-element-39ef727 elementor-widget elementor-widget-heading\" data-id=\"39ef727\" data-element_type=\"widget\" data-e-type=\"widget\" data-widget_type=\"heading.default\">\n\t\t\t\t<div class=\"elementor-widget-container\">\n\t\t\t\t\t<h3 class=\"elementor-heading-title elementor-size-default\">Ye\u015fil \u00c7\u0131karma Y\u00f6ntemleri<\/h3>\t\t\t\t<\/div>\n\t\t\t\t<\/div>\n\t\t\t\t<div class=\"elementor-element elementor-element-43d1f89 elementor-widget elementor-widget-text-editor\" data-id=\"43d1f89\" data-element_type=\"widget\" data-e-type=\"widget\" data-widget_type=\"text-editor.default\">\n\t\t\t\t<div class=\"elementor-widget-container\">\n\t\t\t\t\t\t\t\t\t<p><strong>S\u00fcperkritik Ak\u0131\u015fkan \u00c7\u0131kar\u0131m\u0131:<\/strong> Bitkilerden de\u011ferli bile\u015fenleri \u00e7\u0131karmak i\u00e7in s\u00fcperkritik CO2 kullan\u0131yoruz. Bu y\u00f6ntem \u00e7evre dostudur \u00e7\u00fcnk\u00fc sert \u00e7\u00f6z\u00fcc\u00fclere olan ihtiyac\u0131 azalt\u0131r ve zararl\u0131 kal\u0131nt\u0131 b\u0131rakmaz. Bu teknolojiyi kullanarak, \u00e7evreye kar\u015f\u0131 nazik davran\u0131rken y\u00fcksek kaliteli biyoaktif bile\u015fikler elde edebiliriz.<\/p>\n\t\t\t\t\t\t\t\t<\/div>\n\t\t\t\t<\/div>\n\t\t\t\t<\/div>\n\t\t\t\t\t<\/div>\n\t\t\t\t<\/div>\n\t\t\t\t<\/div>\n\t\t","protected":false},"excerpt":{"rendered":"","protected":false},"author":1,"featured_media":0,"parent":0,"menu_order":17,"comment_status":"closed","ping_status":"closed","template":"","meta":{"_acf_changed":false,"footnotes":""},"class_list":["post-2337","page","type-page","status-publish","hentry"],"acf":[],"_links":{"self":[{"href":"https:\/\/www.inextract.com\/tr\/wp-json\/wp\/v2\/pages\/2337","targetHints":{"allow":["GET"]}}],"collection":[{"href":"https:\/\/www.inextract.com\/tr\/wp-json\/wp\/v2\/pages"}],"about":[{"href":"https:\/\/www.inextract.com\/tr\/wp-json\/wp\/v2\/types\/page"}],"author":[{"embeddable":true,"href":"https:\/\/www.inextract.com\/tr\/wp-json\/wp\/v2\/users\/1"}],"replies":[{"embeddable":true,"href":"https:\/\/www.inextract.com\/tr\/wp-json\/wp\/v2\/comments?post=2337"}],"version-history":[{"count":2,"href":"https:\/\/www.inextract.com\/tr\/wp-json\/wp\/v2\/pages\/2337\/revisions"}],"predecessor-version":[{"id":2383,"href":"https:\/\/www.inextract.com\/tr\/wp-json\/wp\/v2\/pages\/2337\/revisions\/2383"}],"wp:attachment":[{"href":"https:\/\/www.inextract.com\/tr\/wp-json\/wp\/v2\/media?parent=2337"}],"curies":[{"name":"wp","href":"https:\/\/api.w.org\/{rel}","templated":true}]}}