{"id":2341,"date":"2024-08-24T10:55:56","date_gmt":"2024-08-24T10:55:56","guid":{"rendered":"https:\/\/www.rime.com.tr\/surdurulebilirlik\/"},"modified":"2024-08-26T14:29:59","modified_gmt":"2024-08-26T14:29:59","slug":"surdurulebilirlik","status":"publish","type":"page","link":"https:\/\/www.inextract.com\/tr\/surdurulebilirlik\/","title":{"rendered":"S\u00fcrd\u00fcr\u00fclebilirlik"},"content":{"rendered":"\t\t<div data-elementor-type=\"wp-page\" data-elementor-id=\"2341\" class=\"elementor elementor-2341 elementor-1906\" data-elementor-post-type=\"page\">\n\t\t\t\t<div class=\"elementor-element elementor-element-b2ade69 e-flex e-con-boxed e-con e-parent\" data-id=\"b2ade69\" data-element_type=\"container\" data-e-type=\"container\">\n\t\t\t\t\t<div class=\"e-con-inner\">\n\t\t\t\t<div class=\"elementor-element elementor-element-4d25e67 elementor-widget elementor-widget-spacer\" data-id=\"4d25e67\" data-element_type=\"widget\" data-e-type=\"widget\" data-widget_type=\"spacer.default\">\n\t\t\t\t<div class=\"elementor-widget-container\">\n\t\t\t\t\t\t\t<div class=\"elementor-spacer\">\n\t\t\t<div class=\"elementor-spacer-inner\"><\/div>\n\t\t<\/div>\n\t\t\t\t\t\t<\/div>\n\t\t\t\t<\/div>\n\t\t\t\t<div class=\"elementor-element elementor-element-4283873 elementor-widget elementor-widget-spacer\" data-id=\"4283873\" data-element_type=\"widget\" data-e-type=\"widget\" data-widget_type=\"spacer.default\">\n\t\t\t\t<div class=\"elementor-widget-container\">\n\t\t\t\t\t\t\t<div class=\"elementor-spacer\">\n\t\t\t<div class=\"elementor-spacer-inner\"><\/div>\n\t\t<\/div>\n\t\t\t\t\t\t<\/div>\n\t\t\t\t<\/div>\n\t\t\t\t\t<\/div>\n\t\t\t\t<\/div>\n\t\t<div class=\"elementor-element elementor-element-83e04ee e-flex e-con-boxed e-con e-parent\" data-id=\"83e04ee\" data-element_type=\"container\" data-e-type=\"container\">\n\t\t\t\t\t<div class=\"e-con-inner\">\n\t\t<div class=\"elementor-element elementor-element-fdc1919 e-con-full e-flex e-con e-child\" data-id=\"fdc1919\" data-element_type=\"container\" data-e-type=\"container\" data-settings=\"{&quot;background_background&quot;:&quot;classic&quot;}\">\n\t\t\t\t<\/div>\n\t\t\t\t\t<\/div>\n\t\t\t\t<\/div>\n\t\t<div class=\"elementor-element elementor-element-908bedd e-flex e-con-boxed e-con e-parent\" data-id=\"908bedd\" data-element_type=\"container\" data-e-type=\"container\">\n\t\t\t\t\t<div class=\"e-con-inner\">\n\t\t\t\t<div class=\"elementor-element elementor-element-17661fa elementor-widget elementor-widget-spacer\" data-id=\"17661fa\" data-element_type=\"widget\" data-e-type=\"widget\" data-widget_type=\"spacer.default\">\n\t\t\t\t<div class=\"elementor-widget-container\">\n\t\t\t\t\t\t\t<div class=\"elementor-spacer\">\n\t\t\t<div class=\"elementor-spacer-inner\"><\/div>\n\t\t<\/div>\n\t\t\t\t\t\t<\/div>\n\t\t\t\t<\/div>\n\t\t\t\t<div class=\"elementor-element elementor-element-24a3926 elementor-widget elementor-widget-heading\" data-id=\"24a3926\" data-element_type=\"widget\" data-e-type=\"widget\" data-widget_type=\"heading.default\">\n\t\t\t\t<div class=\"elementor-widget-container\">\n\t\t\t\t\t<h3 class=\"elementor-heading-title elementor-size-default\">INEXTRACT: Yenili\u011fi Do\u011fayla Uyumla\u015ft\u0131rmak<\/h3>\t\t\t\t<\/div>\n\t\t\t\t<\/div>\n\t\t\t\t<div class=\"elementor-element elementor-element-12e2132 elementor-widget elementor-widget-text-editor\" data-id=\"12e2132\" data-element_type=\"widget\" data-e-type=\"widget\" data-widget_type=\"text-editor.default\">\n\t\t\t\t<div class=\"elementor-widget-container\">\n\t\t\t\t\t\t\t\t\t<p>INEXTRACT do\u011fay\u0131 t\u00fcketmeyen, onunla uyumlu \u00e7al\u0131\u015fan bir yakla\u015f\u0131m\u0131 benimser. Ara\u015ft\u0131rma ve geli\u015ftirme s\u00fcre\u00e7lerinde do\u011fal kaynak yenileme oranlar\u0131n\u0131 dikkate al\u0131r ve s\u00fcrd\u00fcr\u00fclebilir \u00fcretim y\u00f6ntemleri kullan\u0131r. Ar-Ge ve \u00fcr\u00fcn geli\u015ftirme s\u00fcre\u00e7lerini en etkili \u015fekilde y\u00f6netmek i\u00e7in yenilik\u00e7i ve \u00e7evre dostu y\u00f6ntemler kullan\u0131r. Bu y\u00f6ntemler sayesinde do\u011faya zarar vermez ve y\u00fcksek kaliteyi korur. \u00c7evreye duyarl\u0131 \u00fcretim teknikleri kullanarak karbon ayak izini en aza indirmeyi hedefler.<\/p>\n\t\t\t\t\t\t\t\t<\/div>\n\t\t\t\t<\/div>\n\t\t\t\t<div class=\"elementor-element elementor-element-32d3ac6 elementor-widget elementor-widget-spacer\" data-id=\"32d3ac6\" data-element_type=\"widget\" data-e-type=\"widget\" data-widget_type=\"spacer.default\">\n\t\t\t\t<div class=\"elementor-widget-container\">\n\t\t\t\t\t\t\t<div class=\"elementor-spacer\">\n\t\t\t<div class=\"elementor-spacer-inner\"><\/div>\n\t\t<\/div>\n\t\t\t\t\t\t<\/div>\n\t\t\t\t<\/div>\n\t\t\t\t\t<\/div>\n\t\t\t\t<\/div>\n\t\t<div class=\"elementor-element elementor-element-4dd72cc e-flex e-con-boxed e-con e-parent\" data-id=\"4dd72cc\" data-element_type=\"container\" data-e-type=\"container\">\n\t\t\t\t\t<div class=\"e-con-inner\">\n\t\t\t\t<div class=\"elementor-element elementor-element-da07cb9 elementor-widget elementor-widget-spacer\" data-id=\"da07cb9\" data-element_type=\"widget\" data-e-type=\"widget\" data-widget_type=\"spacer.default\">\n\t\t\t\t<div class=\"elementor-widget-container\">\n\t\t\t\t\t\t\t<div class=\"elementor-spacer\">\n\t\t\t<div class=\"elementor-spacer-inner\"><\/div>\n\t\t<\/div>\n\t\t\t\t\t\t<\/div>\n\t\t\t\t<\/div>\n\t\t\t\t<div class=\"elementor-element elementor-element-6bff55f elementor-widget elementor-widget-heading\" data-id=\"6bff55f\" data-element_type=\"widget\" data-e-type=\"widget\" data-widget_type=\"heading.default\">\n\t\t\t\t<div class=\"elementor-widget-container\">\n\t\t\t\t\t<h3 class=\"elementor-heading-title elementor-size-default\">INEXTRACT: S\u00fcrd\u00fcr\u00fclebilir, Sorumlu ve Sosyal Bilin\u00e7li<\/h3>\t\t\t\t<\/div>\n\t\t\t\t<\/div>\n\t\t\t\t<div class=\"elementor-element elementor-element-32b6fd2 elementor-widget elementor-widget-ucaddon_content_accordion_image\" data-id=\"32b6fd2\" data-element_type=\"widget\" data-e-type=\"widget\" data-widget_type=\"ucaddon_content_accordion_image.default\">\n\t\t\t\t<div class=\"elementor-widget-container\">\n\t\t\t\t\t\n<!-- start Content Accordion - Image -->\n\t\t<link id='font-awesome-css' href='https:\/\/www.inextract.com\/wp-content\/plugins\/unlimited-elements-for-elementor-premium\/assets_libraries\/font-awesome6\/fontawesome-all.min.css' type='text\/css' rel='stylesheet' >\n\t\t<link id='font-awesome-4-shim-css' href='https:\/\/www.inextract.com\/wp-content\/plugins\/unlimited-elements-for-elementor-premium\/assets_libraries\/font-awesome6\/fontawesome-v4-shims.min.css' type='text\/css' rel='stylesheet' >\n\n<style>\/* widget: Content Accordion - Image *\/\n\n\n\n#uc_content_accordion_image_elementor_32b6fd2 *{\n  box-sizing: border-box;\n}\n\n#uc_content_accordion_image_elementor_32b6fd2 .uc_ac_box\n{\n  overflow:hidden;\n}\n\n#uc_content_accordion_image_elementor_32b6fd2 .ue_heading_title\n{\n  margin:0;\n  flex-grow:1;\n  display:flex;\n  flex-direction:row;\n}\n\n#uc_content_accordion_image_elementor_32b6fd2 .uc_container .uc-heading\n{\n\tdisplay:flex;\n    align-items:center;\n\toverflow:hidden;\n\tcursor:pointer;\n  \n}\n#uc_content_accordion_image_elementor_32b6fd2 .uc_container .uc_content\n{\n    display:none;\n}\n\n#uc_content_accordion_image_elementor_32b6fd2 .uc_container .uc-heading span.ue_accordion_icon\n{\n\tdisplay:flex;\n    align-items:center;\n   \tjustify-content:center;\n    flex-grow:0;\n    flex-shrink:0;\n}\n#uc_content_accordion_image_elementor_32b6fd2 .uc_ac_box.uc-item-active span.uc_dactive\n{\n\tdisplay:none;\n}\n#uc_content_accordion_image_elementor_32b6fd2 .uc_ac_box:not(.uc-item-active) span.uc_active\n{\n\tdisplay:none;\n}\n#uc_content_accordion_image_elementor_32b6fd2 span.ue_accordion_icon svg\n{\n  height:1em;\n  width:1em;\n}\n\n#uc_content_accordion_image_elementor_32b6fd2 .uc_container .uc_btn {\n\n    text-align: center;\n    display: inline-block;\n    text-decoration: none;\n    transition: ease-in-out all 0.25s;\n}\n\n#uc_content_accordion_image_elementor_32b6fd2 .ue-item-image img\n{\n  width:100%;\n  display:block;\n  object-fit:cover;\n}\n\n<\/style>\n\n<div class=\"uc_material_accordion  \"  id=\"uc_content_accordion_image_elementor_32b6fd2\"  data-name=\"\" data-scroll=\"off\" data-offset=\"0\" data-closeothers=\"true\" data-set-hash=\"false\" >\n  <div class=\"uc_container uc-items-wrapper\">\n    \n\n\n<div id=\"#ue-tab1\" class=\"customtabsdeneme uc_ac_box elementor-repeater-item-aqk3b \" style=\"background-color:;\">\n  <div class=\"ue-item-image\"><img fetchpriority=\"high\" decoding=\"async\" src=\"https:\/\/www.inextract.com\/wp-content\/uploads\/2024\/08\/Frame-63.png\"  src=\"https:\/\/www.inextract.com\/wp-content\/uploads\/2024\/08\/Frame-63.png\" alt=\"Frame 63\" width=\"500\" height=\"150\"><\/div>\n  <a href=\"javascript:void(0)\" class=\"uc-heading uc_trigger\" role=\"button\">\n    <div class=\"ue_heading_title\">INEXTRACT: S\u00fcrd\u00fcr\u00fclebilirlikte Liderlik<span class=\"ue_ca_additional_content\"><i class=\"fa fa-star\"><\/i><\/span><\/div>\n    <div class=\"butonlar\">\n    <span class=\"uc_dactive bbb ue_accordion_icon\"><i class='feather feather-plus'><\/i><\/span> \n    <span class=\"uc_active bbb ue_accordion_icon\"><i class='feather feather-minus'><\/i><\/span>\n    <\/div>\n  <\/a>\n  \n  <div class=\"uc_content\" >\n        \n\n              <div class=\"ue-item-text\">INEXTRACT sadece \u00fcr\u00fcnlerinde de\u011fil, t\u00fcm faaliyetlerinde s\u00fcrd\u00fcr\u00fclebilirli\u011fe odaklanmaktad\u0131r. Enerji kayna\u011f\u0131 olarak yenilenebilir enerjileri tercih etmekte, \u00fcretimde at\u0131k olu\u015fumunu en aza indirmekte ve geri d\u00f6n\u00fc\u015f\u00fcm\u00fc te\u015fvik etmektedir.<\/div>\n      \n              \n      <\/div> \n<\/div>\n\n\n\n<div id=\"#ue-tab2\" class=\"customtabsdeneme uc_ac_box elementor-repeater-item-x2kwq \" style=\"background-color:;\">\n  <div class=\"ue-item-image\"><img decoding=\"async\" src=\"https:\/\/www.inextract.com\/wp-content\/uploads\/2024\/08\/Frame-64.png\"  src=\"https:\/\/www.inextract.com\/wp-content\/uploads\/2024\/08\/Frame-64.png\" alt=\"Frame 64\" width=\"500\" height=\"150\"><\/div>\n  <a href=\"javascript:void(0)\" class=\"uc-heading uc_trigger\" role=\"button\">\n    <div class=\"ue_heading_title\">\u00d6ZET: Sosyal olarak s\u00fcrd\u00fcr\u00fclebilir<span class=\"ue_ca_additional_content\"><i class=\"fa fa-star\"><\/i><\/span><\/div>\n    <div class=\"butonlar\">\n    <span class=\"uc_dactive bbb ue_accordion_icon\"><i class='feather feather-plus'><\/i><\/span> \n    <span class=\"uc_active bbb ue_accordion_icon\"><i class='feather feather-minus'><\/i><\/span>\n    <\/div>\n  <\/a>\n  \n  <div class=\"uc_content\" >\n        \n\n              <div class=\"ue-item-text\">INEXTRACT s\u00fcrd\u00fcr\u00fclebilirli\u011fin sadece \u00e7evresel olmad\u0131\u011f\u0131n\u0131n bilincindedir. Bu nedenle sosyal kalk\u0131nmay\u0131 da s\u00fcrd\u00fcr\u00fclebilirlik anlay\u0131\u015f\u0131n\u0131n bir par\u00e7as\u0131 olarak g\u00f6rmektedir. Yerel halkla i\u015f birli\u011fi yaparak do\u011fal kaynaklar\u0131 korumay\u0131 ama\u00e7layan projeler geli\u015ftirmekte ve biyoteknoloji alan\u0131nda e\u011fitim ve istihdam olanaklar\u0131 yaratmaktad\u0131r.<\/div>\n      \n              \n      <\/div> \n<\/div>\n\n\n\n<div id=\"#ue-tab3\" class=\"customtabsdeneme uc_ac_box elementor-repeater-item-8e7b8 \" style=\"background-color:;\">\n  <div class=\"ue-item-image\"><img decoding=\"async\" src=\"https:\/\/www.inextract.com\/wp-content\/uploads\/2024\/08\/Frame-65.png\"  src=\"https:\/\/www.inextract.com\/wp-content\/uploads\/2024\/08\/Frame-65.png\" alt=\"Frame 65\" width=\"500\" height=\"150\"><\/div>\n  <a href=\"javascript:void(0)\" class=\"uc-heading uc_trigger\" role=\"button\">\n    <div class=\"ue_heading_title\">\u00d6ZET: Sosyal olarak s\u00fcrd\u00fcr\u00fclebilir<span class=\"ue_ca_additional_content\"><i class=\"fa fa-star\"><\/i><\/span><\/div>\n    <div class=\"butonlar\">\n    <span class=\"uc_dactive bbb ue_accordion_icon\"><i class='feather feather-plus'><\/i><\/span> \n    <span class=\"uc_active bbb ue_accordion_icon\"><i class='feather feather-minus'><\/i><\/span>\n    <\/div>\n  <\/a>\n  \n  <div class=\"uc_content\" >\n        \n\n              <div class=\"ue-item-text\">INEXTRACT gelece\u011fe kar\u015f\u0131 sorumlu bir bak\u0131\u015f a\u00e7\u0131s\u0131na sahiptir. INEXTRACT'\u0131n hikayesi do\u011fayla uyumlu ve s\u00fcrd\u00fcr\u00fclebilir bir gelece\u011fin umut verici bir \u00f6rne\u011fidir. Bu vizyonla yola \u00e7\u0131kan \u015firket, do\u011fa sevgisini ve insanl\u0131\u011f\u0131n ihtiya\u00e7lar\u0131n\u0131 insanca bir araya getirerek gelecek nesiller i\u00e7in daha sa\u011fl\u0131kl\u0131 ve daha ya\u015fanabilir bir d\u00fcnya i\u00e7in \u00e7al\u0131\u015fmaya devam edecektir.<\/div>\n      \n              \n      <\/div> \n<\/div>\n\n  <\/div>\n<\/div>\n\n\n<!-- end Content Accordion - Image -->\t\t\t\t<\/div>\n\t\t\t\t<\/div>\n\t\t\t\t<div class=\"elementor-element elementor-element-6e2994e elementor-widget elementor-widget-spacer\" data-id=\"6e2994e\" data-element_type=\"widget\" data-e-type=\"widget\" data-widget_type=\"spacer.default\">\n\t\t\t\t<div class=\"elementor-widget-container\">\n\t\t\t\t\t\t\t<div class=\"elementor-spacer\">\n\t\t\t<div class=\"elementor-spacer-inner\"><\/div>\n\t\t<\/div>\n\t\t\t\t\t\t<\/div>\n\t\t\t\t<\/div>\n\t\t\t\t\t<\/div>\n\t\t\t\t<\/div>\n\t\t\t\t<\/div>\n\t\t","protected":false},"excerpt":{"rendered":"","protected":false},"author":1,"featured_media":2206,"parent":0,"menu_order":20,"comment_status":"closed","ping_status":"closed","template":"","meta":{"_acf_changed":false,"footnotes":""},"class_list":["post-2341","page","type-page","status-publish","has-post-thumbnail","hentry"],"acf":[],"_links":{"self":[{"href":"https:\/\/www.inextract.com\/tr\/wp-json\/wp\/v2\/pages\/2341","targetHints":{"allow":["GET"]}}],"collection":[{"href":"https:\/\/www.inextract.com\/tr\/wp-json\/wp\/v2\/pages"}],"about":[{"href":"https:\/\/www.inextract.com\/tr\/wp-json\/wp\/v2\/types\/page"}],"author":[{"embeddable":true,"href":"https:\/\/www.inextract.com\/tr\/wp-json\/wp\/v2\/users\/1"}],"replies":[{"embeddable":true,"href":"https:\/\/www.inextract.com\/tr\/wp-json\/wp\/v2\/comments?post=2341"}],"version-history":[{"count":4,"href":"https:\/\/www.inextract.com\/tr\/wp-json\/wp\/v2\/pages\/2341\/revisions"}],"predecessor-version":[{"id":2386,"href":"https:\/\/www.inextract.com\/tr\/wp-json\/wp\/v2\/pages\/2341\/revisions\/2386"}],"wp:featuredmedia":[{"embeddable":true,"href":"https:\/\/www.inextract.com\/tr\/wp-json\/wp\/v2\/media\/2206"}],"wp:attachment":[{"href":"https:\/\/www.inextract.com\/tr\/wp-json\/wp\/v2\/media?parent=2341"}],"curies":[{"name":"wp","href":"https:\/\/api.w.org\/{rel}","templated":true}]}}